{"id":10259,"date":"2024-08-13T11:39:40","date_gmt":"2024-08-13T09:39:40","guid":{"rendered":"https:\/\/noviply.com\/register-b2b\/"},"modified":"2025-11-21T10:44:22","modified_gmt":"2025-11-21T09:44:22","slug":"registrierung-b2b","status":"publish","type":"page","link":"https:\/\/noviply.com\/de\/registrierung-b2b\/","title":{"rendered":"Registrierung B2B"},"content":{"rendered":"<div class=\"wpb-content-wrapper\"><p>[vc_row css=&#8220;.vc_custom_1723557346698{padding-top: 3% !important;padding-right: 3% !important;padding-bottom: 3% !important;padding-left: 3% !important;}&#8220; conditional_render=&#8220;%5B%7B%22value_role%22%3A%22administrator%22%7D%5D&#8220;][vc_column][vc_column_text css=&#8220;&#8220;]<\/p>\n<h1>Registrierung f\u00fcr unsere Gesch\u00e4ftskunden<\/h1>\n<p>Nach deiner Registrierung und der schnellen Freischaltung durch unser Team, erh\u00e4ltst du vollen Zugriff auf unsere Produktpreise. Du kannst dann ganz bequem direkt bei uns bestellen und von unseren hochwertigen Produkten profitieren. Registriere dich und lege gleich los![\/vc_column_text]\n<div class=\"wpcf7 no-js\" id=\"wpcf7-f18467-o1\" lang=\"en-US\" dir=\"ltr\" data-wpcf7-id=\"18467\">\n<div class=\"screen-reader-response\"><p role=\"status\" aria-live=\"polite\" aria-atomic=\"true\"><\/p> <ul><\/ul><\/div>\n<form action=\"\/de\/wp-json\/wp\/v2\/pages\/10259#wpcf7-f18467-o1\" method=\"post\" class=\"wpcf7-form init\" aria-label=\"Contact form\" novalidate=\"novalidate\" data-status=\"init\">\n<fieldset class=\"hidden-fields-container\"><input type=\"hidden\" name=\"_wpcf7\" value=\"18467\" \/><input type=\"hidden\" name=\"_wpcf7_version\" value=\"6.1.5\" \/><input type=\"hidden\" name=\"_wpcf7_locale\" value=\"en_US\" \/><input type=\"hidden\" name=\"_wpcf7_unit_tag\" value=\"wpcf7-f18467-o1\" \/><input type=\"hidden\" name=\"_wpcf7_container_post\" value=\"0\" \/><input type=\"hidden\" name=\"_wpcf7_posted_data_hash\" value=\"\" \/>\n<\/fieldset>\n<div class=\"row form-row\">\n\n    <div class=\"col-lg-12\">\n        <div class=\"form-group\">\n            <label for=\"company\">Firma* <br><small>(falls Einzelunternehmer bitte eigenen Namen eintragen)<\/small><\/label>\n            <span class=\"wpcf7-form-control-wrap\" data-name=\"company\"><input size=\"40\" maxlength=\"400\" class=\"wpcf7-form-control wpcf7-text wpcf7-validates-as-required form-control\" id=\"company\" aria-required=\"true\" aria-invalid=\"false\" value=\"\" type=\"text\" name=\"company\" \/><\/span>\n        <\/div>\n    <\/div>\n\n    <div class=\"col-lg-6\">\n        <div class=\"form-group\">\n            <label for=\"contact-person\">Ansprechperson*<\/label>\n            <span class=\"wpcf7-form-control-wrap\" data-name=\"contact-person\"><input size=\"40\" maxlength=\"400\" class=\"wpcf7-form-control wpcf7-text wpcf7-validates-as-required form-control\" id=\"contact-person\" aria-required=\"true\" aria-invalid=\"false\" value=\"\" type=\"text\" name=\"contact-person\" \/><\/span>\n        <\/div>\n    <\/div>\n\n    <div class=\"col-lg-6\">\n        <div class=\"form-group\">\n            <label for=\"emailaddress\">E-Mail-Adresse*<\/label>\n            <span class=\"wpcf7-form-control-wrap\" data-name=\"emailaddress\"><input size=\"40\" maxlength=\"400\" class=\"wpcf7-form-control wpcf7-email wpcf7-validates-as-required wpcf7-text wpcf7-validates-as-email form-control\" id=\"emailaddress\" aria-required=\"true\" aria-invalid=\"false\" value=\"\" type=\"email\" name=\"emailaddress\" \/><\/span>\n        <\/div>\n    <\/div>\n\n    <div class=\"col-lg-6\">\n        <div class=\"form-group\">\n            <label for=\"phone\">Telefon<\/label>\n            <span class=\"wpcf7-form-control-wrap\" data-name=\"phone\"><input size=\"40\" maxlength=\"400\" class=\"wpcf7-form-control wpcf7-tel wpcf7-text wpcf7-validates-as-tel form-control\" id=\"phone\" aria-invalid=\"false\" value=\"\" type=\"tel\" name=\"phone\" \/><\/span>\n        <\/div>\n    <\/div>\n\n    <div class=\"col-lg-6\">\n        <div class=\"form-group\">\n            <label for=\"invoice-mail\">E-Mail f\u00fcr Rechnungen*<\/label>\n            <span class=\"wpcf7-form-control-wrap\" data-name=\"invoice-mail\"><input size=\"40\" maxlength=\"400\" class=\"wpcf7-form-control wpcf7-email wpcf7-text wpcf7-validates-as-email form-control\" id=\"invoice-mail\" aria-invalid=\"false\" value=\"\" type=\"email\" name=\"invoice-mail\" \/><\/span>\n        <\/div>\n    <\/div>\n\n    <div class=\"col-lg-12\">\n        <div class=\"form-group\">\n            <label for=\"vat-number\">USt-ID Nr.* <br>\n            <small>(Beispiele: DE123456789 \/ NL123456789123 \/ ES12345789)<\/small><\/label>\n            <span class=\"wpcf7-form-control-wrap\" data-name=\"vat-number\"><input size=\"40\" maxlength=\"400\" class=\"wpcf7-form-control wpcf7-text wpcf7-validates-as-required form-control\" id=\"vat-number\" aria-required=\"true\" aria-invalid=\"false\" value=\"\" type=\"text\" name=\"vat-number\" \/><\/span>\n        <\/div>\n    <\/div>\n\n        <span class=\"wpcf7-form-control-wrap\" data-name=\"datenschutz\"><span class=\"wpcf7-form-control wpcf7-acceptance\"><span class=\"wpcf7-list-item\"><label><input type=\"checkbox\" name=\"datenschutz\" value=\"1\" aria-invalid=\"false\" \/><span class=\"wpcf7-list-item-label\">Ich habe den Hinweis zur \n        <a href=\"https:\/\/noviply.com\/de\/datenschutz\/\" target=\"_blank\">Datenschutzerkl\u00e4rung<\/a> gelesen.<\/span><\/label><\/span><\/span><\/span><br><\/br>\n\n    <div class=\"col-lg-12\">\n        <div class=\"form-group\">\n            <input class=\"wpcf7-form-control wpcf7-submit has-spinner btn btn-primary btn-modern\" type=\"submit\" value=\"Anfrage absenden\" \/>\n        <\/div>\n\n\n\n        <span style=\"font-size: small;\">*Pflichtfelder<\/span>\n    <\/div>\n\n<\/div><input type='hidden' class='wpcf7-pum' value='{\"closepopup\":false,\"closedelay\":0,\"openpopup\":false,\"openpopup_id\":0}' \/><div class=\"frc-captcha \" data-sitekey=\"FCMR5SJF7S8P2GKI\" data-lang=\"de\" ><\/div>\n\t\t<noscript>You need to enable Javascript for the anti-spam check.<\/noscript><div class=\"wpcf7-response-output\" aria-hidden=\"true\"><\/div>\n<\/form>\n<\/div>\n[\/vc_column][\/vc_row]<\/p>\n<\/div>","protected":false},"excerpt":{"rendered":"<p>[vc_row css=&#8220;.vc_custom_1723557346698{padding-top: 3% !important;padding-right: 3% !important;padding-bottom: 3% !important;padding-left: 3% !important;}&#8220; conditional_render=&#8220;%5B%7B%22value_role%22%3A%22administrator%22%7D%5D&#8220;][vc_column][vc_column_text css=&#8220;&#8220;] Registrierung f\u00fcr unsere Gesch\u00e4ftskunden Nach deiner Registrierung und der schnellen Freischaltung durch unser Team, erh\u00e4ltst du vollen Zugriff auf unsere Produktpreise. Du kannst dann ganz bequem direkt bei uns bestellen und von unseren hochwertigen Produkten profitieren. Registriere dich und lege gleich los![\/vc_column_text][\/vc_column][\/vc_row]<\/p>\n","protected":false},"author":3,"featured_media":0,"parent":0,"menu_order":0,"comment_status":"closed","ping_status":"closed","template":"","meta":{"_joinchat":[],"footnotes":""},"class_list":["post-10259","page","type-page","status-publish","hentry"],"yoast_head":"<!-- This site is optimized with the Yoast SEO plugin v27.4 - https:\/\/yoast.com\/product\/yoast-seo-wordpress\/ -->\n<title>Registrierung B2B | Noviply<\/title>\n<meta name=\"robots\" content=\"noindex, nofollow\" \/>\n<meta property=\"og:locale\" content=\"de_DE\" \/>\n<meta property=\"og:type\" content=\"article\" \/>\n<meta property=\"og:title\" content=\"Registrierung B2B | Noviply\" \/>\n<meta property=\"og:description\" content=\"[vc_row css=&#8220;.vc_custom_1723557346698{padding-top: 3% !important;padding-right: 3% !important;padding-bottom: 3% !important;padding-left: 3% !important;}&#8220; conditional_render=&#8220;%5B%7B%22value_role%22%3A%22administrator%22%7D%5D&#8220;][vc_column][vc_column_text css=&#8220;&#8220;] Registrierung f\u00fcr unsere Gesch\u00e4ftskunden Nach deiner Registrierung und der schnellen Freischaltung durch unser Team, erh\u00e4ltst du vollen Zugriff auf unsere Produktpreise. Du kannst dann ganz bequem direkt bei uns bestellen und von unseren hochwertigen Produkten profitieren. Registriere dich und lege gleich los![\/vc_column_text][\/vc_column][\/vc_row]\" \/>\n<meta property=\"og:url\" content=\"https:\/\/noviply.com\/de\/registrierung-b2b\/\" \/>\n<meta property=\"og:site_name\" content=\"Noviply\" \/>\n<meta property=\"article:modified_time\" content=\"2025-11-21T09:44:22+00:00\" \/>\n<meta name=\"twitter:card\" content=\"summary_large_image\" \/>\n<meta name=\"twitter:label1\" content=\"Gesch\u00e4tzte Lesezeit\" \/>\n\t<meta name=\"twitter:data1\" content=\"1\u00a0Minute\" \/>\n<script type=\"application\/ld+json\" class=\"yoast-schema-graph\">{\"@context\":\"https:\\\/\\\/schema.org\",\"@graph\":[{\"@type\":\"WebPage\",\"@id\":\"https:\\\/\\\/noviply.com\\\/de\\\/registrierung-b2b\\\/\",\"url\":\"https:\\\/\\\/noviply.com\\\/de\\\/registrierung-b2b\\\/\",\"name\":\"Registrierung B2B | Noviply\",\"isPartOf\":{\"@id\":\"https:\\\/\\\/noviply.com\\\/de\\\/#website\"},\"datePublished\":\"2024-08-13T09:39:40+00:00\",\"dateModified\":\"2025-11-21T09:44:22+00:00\",\"breadcrumb\":{\"@id\":\"https:\\\/\\\/noviply.com\\\/de\\\/registrierung-b2b\\\/#breadcrumb\"},\"inLanguage\":\"de\",\"potentialAction\":[{\"@type\":\"ReadAction\",\"target\":[\"https:\\\/\\\/noviply.com\\\/de\\\/registrierung-b2b\\\/\"]}]},{\"@type\":\"BreadcrumbList\",\"@id\":\"https:\\\/\\\/noviply.com\\\/de\\\/registrierung-b2b\\\/#breadcrumb\",\"itemListElement\":[{\"@type\":\"ListItem\",\"position\":1,\"name\":\"Home\",\"item\":\"https:\\\/\\\/noviply.com\\\/de\\\/\"},{\"@type\":\"ListItem\",\"position\":2,\"name\":\"Registrierung B2B\"}]},{\"@type\":\"WebSite\",\"@id\":\"https:\\\/\\\/noviply.com\\\/de\\\/#website\",\"url\":\"https:\\\/\\\/noviply.com\\\/de\\\/\",\"name\":\"Noviply\u00ae\",\"description\":\"REFURBISHING APPLICATIONS\",\"publisher\":{\"@id\":\"https:\\\/\\\/noviply.com\\\/de\\\/#organization\"},\"potentialAction\":[{\"@type\":\"SearchAction\",\"target\":{\"@type\":\"EntryPoint\",\"urlTemplate\":\"https:\\\/\\\/noviply.com\\\/de\\\/?s={search_term_string}\"},\"query-input\":{\"@type\":\"PropertyValueSpecification\",\"valueRequired\":true,\"valueName\":\"search_term_string\"}}],\"inLanguage\":\"de\"},{\"@type\":\"Organization\",\"@id\":\"https:\\\/\\\/noviply.com\\\/de\\\/#organization\",\"name\":\"Noviply\u00ae\",\"url\":\"https:\\\/\\\/noviply.com\\\/de\\\/\",\"logo\":{\"@type\":\"ImageObject\",\"inLanguage\":\"de\",\"@id\":\"https:\\\/\\\/noviply.com\\\/de\\\/#\\\/schema\\\/logo\\\/image\\\/\",\"url\":\"https:\\\/\\\/noviply.com\\\/wp-content\\\/uploads\\\/2025\\\/11\\\/logo-noviply-q.svg\",\"contentUrl\":\"https:\\\/\\\/noviply.com\\\/wp-content\\\/uploads\\\/2025\\\/11\\\/logo-noviply-q.svg\",\"width\":400,\"height\":400,\"caption\":\"Noviply\u00ae\"},\"image\":{\"@id\":\"https:\\\/\\\/noviply.com\\\/de\\\/#\\\/schema\\\/logo\\\/image\\\/\"},\"sameAs\":[\"https:\\\/\\\/www.linkedin.com\\\/company\\\/noviply\"]}]}<\/script>\n<!-- \/ Yoast SEO plugin. -->","yoast_head_json":{"title":"Registrierung B2B | Noviply","robots":{"index":"noindex","follow":"nofollow"},"og_locale":"de_DE","og_type":"article","og_title":"Registrierung B2B | Noviply","og_description":"[vc_row css=&#8220;.vc_custom_1723557346698{padding-top: 3% !important;padding-right: 3% !important;padding-bottom: 3% !important;padding-left: 3% !important;}&#8220; conditional_render=&#8220;%5B%7B%22value_role%22%3A%22administrator%22%7D%5D&#8220;][vc_column][vc_column_text css=&#8220;&#8220;] Registrierung f\u00fcr unsere Gesch\u00e4ftskunden Nach deiner Registrierung und der schnellen Freischaltung durch unser Team, erh\u00e4ltst du vollen Zugriff auf unsere Produktpreise. Du kannst dann ganz bequem direkt bei uns bestellen und von unseren hochwertigen Produkten profitieren. Registriere dich und lege gleich los![\/vc_column_text][\/vc_column][\/vc_row]","og_url":"https:\/\/noviply.com\/de\/registrierung-b2b\/","og_site_name":"Noviply","article_modified_time":"2025-11-21T09:44:22+00:00","twitter_card":"summary_large_image","twitter_misc":{"Gesch\u00e4tzte Lesezeit":"1\u00a0Minute"},"schema":{"@context":"https:\/\/schema.org","@graph":[{"@type":"WebPage","@id":"https:\/\/noviply.com\/de\/registrierung-b2b\/","url":"https:\/\/noviply.com\/de\/registrierung-b2b\/","name":"Registrierung B2B | Noviply","isPartOf":{"@id":"https:\/\/noviply.com\/de\/#website"},"datePublished":"2024-08-13T09:39:40+00:00","dateModified":"2025-11-21T09:44:22+00:00","breadcrumb":{"@id":"https:\/\/noviply.com\/de\/registrierung-b2b\/#breadcrumb"},"inLanguage":"de","potentialAction":[{"@type":"ReadAction","target":["https:\/\/noviply.com\/de\/registrierung-b2b\/"]}]},{"@type":"BreadcrumbList","@id":"https:\/\/noviply.com\/de\/registrierung-b2b\/#breadcrumb","itemListElement":[{"@type":"ListItem","position":1,"name":"Home","item":"https:\/\/noviply.com\/de\/"},{"@type":"ListItem","position":2,"name":"Registrierung B2B"}]},{"@type":"WebSite","@id":"https:\/\/noviply.com\/de\/#website","url":"https:\/\/noviply.com\/de\/","name":"Noviply\u00ae","description":"REFURBISHING APPLICATIONS","publisher":{"@id":"https:\/\/noviply.com\/de\/#organization"},"potentialAction":[{"@type":"SearchAction","target":{"@type":"EntryPoint","urlTemplate":"https:\/\/noviply.com\/de\/?s={search_term_string}"},"query-input":{"@type":"PropertyValueSpecification","valueRequired":true,"valueName":"search_term_string"}}],"inLanguage":"de"},{"@type":"Organization","@id":"https:\/\/noviply.com\/de\/#organization","name":"Noviply\u00ae","url":"https:\/\/noviply.com\/de\/","logo":{"@type":"ImageObject","inLanguage":"de","@id":"https:\/\/noviply.com\/de\/#\/schema\/logo\/image\/","url":"https:\/\/noviply.com\/wp-content\/uploads\/2025\/11\/logo-noviply-q.svg","contentUrl":"https:\/\/noviply.com\/wp-content\/uploads\/2025\/11\/logo-noviply-q.svg","width":400,"height":400,"caption":"Noviply\u00ae"},"image":{"@id":"https:\/\/noviply.com\/de\/#\/schema\/logo\/image\/"},"sameAs":["https:\/\/www.linkedin.com\/company\/noviply"]}]}},"_links":{"self":[{"href":"https:\/\/noviply.com\/de\/wp-json\/wp\/v2\/pages\/10259","targetHints":{"allow":["GET"]}}],"collection":[{"href":"https:\/\/noviply.com\/de\/wp-json\/wp\/v2\/pages"}],"about":[{"href":"https:\/\/noviply.com\/de\/wp-json\/wp\/v2\/types\/page"}],"author":[{"embeddable":true,"href":"https:\/\/noviply.com\/de\/wp-json\/wp\/v2\/users\/3"}],"replies":[{"embeddable":true,"href":"https:\/\/noviply.com\/de\/wp-json\/wp\/v2\/comments?post=10259"}],"version-history":[{"count":2,"href":"https:\/\/noviply.com\/de\/wp-json\/wp\/v2\/pages\/10259\/revisions"}],"predecessor-version":[{"id":18469,"href":"https:\/\/noviply.com\/de\/wp-json\/wp\/v2\/pages\/10259\/revisions\/18469"}],"wp:attachment":[{"href":"https:\/\/noviply.com\/de\/wp-json\/wp\/v2\/media?parent=10259"}],"curies":[{"name":"wp","href":"https:\/\/api.w.org\/{rel}","templated":true}]}}