{"id":19356,"date":"2026-03-14T11:37:24","date_gmt":"2026-03-14T10:37:24","guid":{"rendered":"https:\/\/noviply.com\/?page_id=19356"},"modified":"2026-03-15T14:46:06","modified_gmt":"2026-03-15T13:46:06","slug":"trainingscenter","status":"publish","type":"page","link":"https:\/\/noviply.com\/de\/trainingscenter\/","title":{"rendered":"Trainingscenter"},"content":{"rendered":"<div class=\"wpb-content-wrapper\"><p>[vc_row][vc_column][vc_column_text css=&#8220;&#8220; css_params=&#8220;&#8220;]<\/p>\n<h1 style=\"text-align: center;\">Trainingscenter<\/h1>\n<p style=\"text-align: center;\">In diesem Bereich findest du umfassende <strong>Anleitungen, Videos sowie wertvolle Tipps und Tricks<\/strong> rund um unsere Produkte. Die Inhalte helfen dir, das <strong>volle Potenzial unserer L\u00f6sungen<\/strong> auszusch\u00f6pfen, und stehen dir jederzeit zur Verf\u00fcgung, wenn du sie ben\u00f6tigst.<\/p>\n<p>[\/vc_column_text][\/vc_column][\/vc_row][vc_row content_placement=&#8220;bottom&#8220; css=&#8220;.vc_custom_1773576910184{margin-top: 5px !important;margin-bottom: 5px !important;border-top-width: 3px !important;border-right-width: 3px !important;border-bottom-width: 3px !important;border-left-width: 3px !important;background-color: #f9f9f9 !important;border-left-style: solid !important;border-right-style: solid !important;border-top-style: solid !important;border-bottom-style: solid !important;border-radius: 20px !important;border-color: var(&#8211;porto-primary-color) !important;}&#8220; conditional_render=&#8220;%5B%7B%22value_role%22%3A%22administrator%22%7D%5D&#8220; css_params=&#8220;&#8220;][vc_column width=&#8220;1\/4&#8243;][vc_single_image image=&#8220;18353&#8243; onclick=&#8220;custom_link&#8220; css=&#8220;&#8220; css_params=&#8220;&#8220; link=&#8220;https:\/\/noviply.com\/de\/trainingscenter\/tastaturaufkleber-training\/&#8220; label=&#8220;&#8220;][\/vc_column][vc_column width=&#8220;2\/4&#8243;][vc_column_text css=&#8220;&#8220; css_params=&#8220;&#8220;]<\/p>\n<p style=\"text-align: left;\"><strong>Tastaturaufkleber Training<\/strong><\/p>\n<p style=\"text-align: left;\">Entdecken Sie <a href=\"https:\/\/noviply.com\/de\/trainingscenter\/tastaturaufkleber-training\/\">HIER<\/a> wie einfach es ist, unsere im Patentverfahren befindlichen Noviply<sup>\u00ae<\/sup>-Tastaturaufkleber zu verwenden.<\/p>\n<p>[\/vc_column_text][\/vc_column][vc_column width=&#8220;1\/4&#8243;]<div class=\"porto-btn-ctn-left \"><a class=\"porto-btn porto-adjust-bottom-margin porto-btn-large porto-btn-no-hover-bg   wpb_custom_fa51088c2567b780100c1edcf8821d3b  porto-btn-left \" title='Keyboard Sticker Training' rel='' href = \"https:\/\/noviply.com\/de\/trainingscenter\/tastaturaufkleber-training\/\"  data-hover=\"\" data-border-color=\"\" data-bg=\"#e0e0e0\" data-hover-bg=\"\" data-border-hover=\"\" data-shadow-click=\"none\" data-shadow=\"\" style=\"border:none;background: #e0e0e0;color: #000000;\"><span class=\"porto-btn-hover\"><\/span><span class=\"porto-btn-data porto-btn-text \" >Mehr dazu<\/span><\/a><\/div>[\/vc_column][\/vc_row][vc_row content_placement=&#8220;bottom&#8220; css=&#8220;.vc_custom_1773576910184{margin-top: 5px !important;margin-bottom: 5px !important;border-top-width: 3px !important;border-right-width: 3px !important;border-bottom-width: 3px !important;border-left-width: 3px !important;background-color: #f9f9f9 !important;border-left-style: solid !important;border-right-style: solid !important;border-top-style: solid !important;border-bottom-style: solid !important;border-radius: 20px !important;border-color: var(&#8211;porto-primary-color) !important;}&#8220; conditional_render=&#8220;%5B%7B%22value_role%22%3A%22administrator%22%7D%5D&#8220; css_params=&#8220;&#8220;][vc_column width=&#8220;1\/4&#8243;][vc_single_image image=&#8220;18355&#8243; onclick=&#8220;custom_link&#8220; css=&#8220;&#8220; css_params=&#8220;&#8220; link=&#8220;https:\/\/noviply.com\/de\/trainingscenter\/display-folie-training\/&#8220; label=&#8220;&#8220;][\/vc_column][vc_column width=&#8220;2\/4&#8243;][vc_column_text css=&#8220;&#8220; css_params=&#8220;&#8220;]<\/p>\n<p style=\"text-align: left;\"><strong>Display Folien Training<\/strong><\/p>\n<p style=\"text-align: left;\">Entdecken Sie <a href=\"https:\/\/noviply.com\/de\/trainingscenter\/display-folie-training\/\">HIER<\/a> wie einfach es ist, unsere Noviply<sup>\u00ae<\/sup>-Display Folien aufzukleben.<\/p>\n<p>[\/vc_column_text][\/vc_column][vc_column width=&#8220;1\/4&#8243;]<div class=\"porto-btn-ctn-left \"><a class=\"porto-btn porto-adjust-bottom-margin porto-btn-large porto-btn-no-hover-bg   wpb_custom_fa51088c2567b780100c1edcf8821d3b  porto-btn-left \" title='Keyboard Sticker Training' rel='' href = \"https:\/\/noviply.com\/de\/trainingscenter\/display-folie-training\/\"  data-hover=\"\" data-border-color=\"\" data-bg=\"#e0e0e0\" data-hover-bg=\"\" data-border-hover=\"\" data-shadow-click=\"none\" data-shadow=\"\" style=\"border:none;background: #e0e0e0;color: #000000;\"><span class=\"porto-btn-hover\"><\/span><span class=\"porto-btn-data porto-btn-text \" >Mehr dazu<\/span><\/a><\/div>[\/vc_column][\/vc_row][vc_row content_placement=&#8220;bottom&#8220; css=&#8220;.vc_custom_1773576910184{margin-top: 5px !important;margin-bottom: 5px !important;border-top-width: 3px !important;border-right-width: 3px !important;border-bottom-width: 3px !important;border-left-width: 3px !important;background-color: #f9f9f9 !important;border-left-style: solid !important;border-right-style: solid !important;border-top-style: solid !important;border-bottom-style: solid !important;border-radius: 20px !important;border-color: var(&#8211;porto-primary-color) !important;}&#8220; conditional_render=&#8220;%5B%7B%22value_role%22%3A%22administrator%22%7D%5D&#8220; css_params=&#8220;&#8220;][vc_column width=&#8220;1\/4&#8243;][vc_single_image image=&#8220;18351&#8243; onclick=&#8220;custom_link&#8220; css=&#8220;&#8220; css_params=&#8220;&#8220; link=&#8220;https:\/\/noviply.com\/de\/trainingscenter\/deckelfolien-training\/&#8220; label=&#8220;&#8220;][\/vc_column][vc_column width=&#8220;2\/4&#8243;][vc_column_text css=&#8220;&#8220; css_params=&#8220;&#8220;]<\/p>\n<p style=\"text-align: left;\"><strong>Laptop Cover\/ Deckelfolien Training<\/strong><\/p>\n<p style=\"text-align: left;\">Entdecken Sie <a href=\"https:\/\/noviply.com\/de\/trainingscenter\/deckelfolien-training\/\">HIER<\/a> wie einfach es ist, unsere Noviply<sup>\u00ae<\/sup>-Cover Folien\/ Deckelfolien aufzukleben.<\/p>\n<p>[\/vc_column_text][\/vc_column][vc_column width=&#8220;1\/4&#8243;]<div class=\"porto-btn-ctn-left \"><a class=\"porto-btn porto-adjust-bottom-margin porto-btn-large porto-btn-no-hover-bg   wpb_custom_fa51088c2567b780100c1edcf8821d3b  porto-btn-left \" title='Keyboard Sticker Training' rel='' href = \"https:\/\/noviply.com\/de\/trainingscenter\/deckelfolien-training\/\"  data-hover=\"\" data-border-color=\"\" data-bg=\"#e0e0e0\" data-hover-bg=\"\" data-border-hover=\"\" data-shadow-click=\"none\" data-shadow=\"\" style=\"border:none;background: #e0e0e0;color: #000000;\"><span class=\"porto-btn-hover\"><\/span><span class=\"porto-btn-data porto-btn-text \" >Mehr dazu<\/span><\/a><\/div>[\/vc_column][\/vc_row][vc_row content_placement=&#8220;bottom&#8220; css=&#8220;.vc_custom_1773576910184{margin-top: 5px !important;margin-bottom: 5px !important;border-top-width: 3px !important;border-right-width: 3px !important;border-bottom-width: 3px !important;border-left-width: 3px !important;background-color: #f9f9f9 !important;border-left-style: solid !important;border-right-style: solid !important;border-top-style: solid !important;border-bottom-style: solid !important;border-radius: 20px !important;border-color: var(&#8211;porto-primary-color) !important;}&#8220; conditional_render=&#8220;%5B%7B%22value_role%22%3A%22administrator%22%7D%5D&#8220; css_params=&#8220;&#8220;][vc_column width=&#8220;1\/4&#8243;][vc_single_image image=&#8220;18357&#8243; css=&#8220;&#8220; css_params=&#8220;&#8220;][\/vc_column][vc_column width=&#8220;2\/4&#8243;][vc_column_text css=&#8220;&#8220; css_params=&#8220;&#8220;]<\/p>\n<p style=\"text-align: left;\"><strong>Touchpad Sticker Training<\/strong><\/p>\n<p style=\"text-align: left;\">Coming Soon<\/p>\n<p>[\/vc_column_text][\/vc_column][vc_column width=&#8220;1\/4&#8243;][\/vc_column][\/vc_row]<\/p>\n<\/div>","protected":false},"excerpt":{"rendered":"<p>[vc_row][vc_column][vc_column_text css=&#8220;&#8220; css_params=&#8220;&#8220;] Trainingscenter In diesem Bereich findest du umfassende Anleitungen, Videos sowie wertvolle Tipps und Tricks rund um unsere Produkte. Die Inhalte helfen dir, das volle Potenzial unserer L\u00f6sungen auszusch\u00f6pfen, und stehen dir jederzeit zur Verf\u00fcgung, wenn du sie ben\u00f6tigst. [\/vc_column_text][\/vc_column][\/vc_row][vc_row content_placement=&#8220;bottom&#8220; css=&#8220;.vc_custom_1773576910184{margin-top: 5px !important;margin-bottom: 5px !important;border-top-width: 3px !important;border-right-width: 3px !important;border-bottom-width: 3px !important;border-left-width: 3px [&hellip;]<\/p>\n","protected":false},"author":3,"featured_media":0,"parent":0,"menu_order":0,"comment_status":"closed","ping_status":"closed","template":"","meta":{"_joinchat":[],"footnotes":""},"class_list":["post-19356","page","type-page","status-publish","hentry"],"yoast_head":"<!-- This site is optimized with the Yoast SEO plugin v27.1.1 - https:\/\/yoast.com\/product\/yoast-seo-wordpress\/ -->\n<title>Trainingscenter | Noviply<\/title>\n<meta name=\"robots\" content=\"noindex, follow\" \/>\n<meta property=\"og:locale\" content=\"de_DE\" \/>\n<meta property=\"og:type\" content=\"article\" \/>\n<meta property=\"og:title\" content=\"Trainingscenter | Noviply\" \/>\n<meta property=\"og:description\" content=\"[vc_row][vc_column][vc_column_text css=&#8220;&#8220; css_params=&#8220;&#8220;] Trainingscenter In diesem Bereich findest du umfassende Anleitungen, Videos sowie wertvolle Tipps und Tricks rund um unsere Produkte. Die Inhalte helfen dir, das volle Potenzial unserer L\u00f6sungen auszusch\u00f6pfen, und stehen dir jederzeit zur Verf\u00fcgung, wenn du sie ben\u00f6tigst. [\/vc_column_text][\/vc_column][\/vc_row][vc_row content_placement=&#8220;bottom&#8220; css=&#8220;.vc_custom_1773576910184{margin-top: 5px !important;margin-bottom: 5px !important;border-top-width: 3px !important;border-right-width: 3px !important;border-bottom-width: 3px !important;border-left-width: 3px [&hellip;]\" \/>\n<meta property=\"og:url\" content=\"https:\/\/noviply.com\/de\/trainingscenter\/\" \/>\n<meta property=\"og:site_name\" content=\"Noviply\" \/>\n<meta property=\"article:modified_time\" content=\"2026-03-15T13:46:06+00:00\" \/>\n<meta name=\"twitter:card\" content=\"summary_large_image\" \/>\n<meta name=\"twitter:label1\" content=\"Gesch\u00e4tzte Lesezeit\" \/>\n\t<meta name=\"twitter:data1\" content=\"3\u00a0Minuten\" \/>\n<script type=\"application\/ld+json\" class=\"yoast-schema-graph\">{\"@context\":\"https:\/\/schema.org\",\"@graph\":[{\"@type\":\"WebPage\",\"@id\":\"https:\/\/noviply.com\/de\/trainingscenter\/\",\"url\":\"https:\/\/noviply.com\/de\/trainingscenter\/\",\"name\":\"Trainingscenter | Noviply\",\"isPartOf\":{\"@id\":\"https:\/\/noviply.com\/de\/#website\"},\"datePublished\":\"2026-03-14T10:37:24+00:00\",\"dateModified\":\"2026-03-15T13:46:06+00:00\",\"breadcrumb\":{\"@id\":\"https:\/\/noviply.com\/de\/trainingscenter\/#breadcrumb\"},\"inLanguage\":\"de\",\"potentialAction\":[{\"@type\":\"ReadAction\",\"target\":[\"https:\/\/noviply.com\/de\/trainingscenter\/\"]}]},{\"@type\":\"BreadcrumbList\",\"@id\":\"https:\/\/noviply.com\/de\/trainingscenter\/#breadcrumb\",\"itemListElement\":[{\"@type\":\"ListItem\",\"position\":1,\"name\":\"Home\",\"item\":\"https:\/\/noviply.com\/de\/\"},{\"@type\":\"ListItem\",\"position\":2,\"name\":\"Trainingscenter\"}]},{\"@type\":\"WebSite\",\"@id\":\"https:\/\/noviply.com\/de\/#website\",\"url\":\"https:\/\/noviply.com\/de\/\",\"name\":\"Noviply\u00ae\",\"description\":\"REFURBISHING APPLICATIONS\",\"publisher\":{\"@id\":\"https:\/\/noviply.com\/de\/#organization\"},\"potentialAction\":[{\"@type\":\"SearchAction\",\"target\":{\"@type\":\"EntryPoint\",\"urlTemplate\":\"https:\/\/noviply.com\/de\/?s={search_term_string}\"},\"query-input\":{\"@type\":\"PropertyValueSpecification\",\"valueRequired\":true,\"valueName\":\"search_term_string\"}}],\"inLanguage\":\"de\"},{\"@type\":\"Organization\",\"@id\":\"https:\/\/noviply.com\/de\/#organization\",\"name\":\"Noviply\u00ae\",\"url\":\"https:\/\/noviply.com\/de\/\",\"logo\":{\"@type\":\"ImageObject\",\"inLanguage\":\"de\",\"@id\":\"https:\/\/noviply.com\/de\/#\/schema\/logo\/image\/\",\"url\":\"https:\/\/noviply.com\/wp-content\/uploads\/2025\/11\/logo-noviply-q.svg\",\"contentUrl\":\"https:\/\/noviply.com\/wp-content\/uploads\/2025\/11\/logo-noviply-q.svg\",\"width\":400,\"height\":400,\"caption\":\"Noviply\u00ae\"},\"image\":{\"@id\":\"https:\/\/noviply.com\/de\/#\/schema\/logo\/image\/\"},\"sameAs\":[\"https:\/\/www.linkedin.com\/company\/noviply\"]}]}<\/script>\n<!-- \/ Yoast SEO plugin. -->","yoast_head_json":{"title":"Trainingscenter | Noviply","robots":{"index":"noindex","follow":"follow"},"og_locale":"de_DE","og_type":"article","og_title":"Trainingscenter | Noviply","og_description":"[vc_row][vc_column][vc_column_text css=&#8220;&#8220; css_params=&#8220;&#8220;] Trainingscenter In diesem Bereich findest du umfassende Anleitungen, Videos sowie wertvolle Tipps und Tricks rund um unsere Produkte. Die Inhalte helfen dir, das volle Potenzial unserer L\u00f6sungen auszusch\u00f6pfen, und stehen dir jederzeit zur Verf\u00fcgung, wenn du sie ben\u00f6tigst. [\/vc_column_text][\/vc_column][\/vc_row][vc_row content_placement=&#8220;bottom&#8220; css=&#8220;.vc_custom_1773576910184{margin-top: 5px !important;margin-bottom: 5px !important;border-top-width: 3px !important;border-right-width: 3px !important;border-bottom-width: 3px !important;border-left-width: 3px [&hellip;]","og_url":"https:\/\/noviply.com\/de\/trainingscenter\/","og_site_name":"Noviply","article_modified_time":"2026-03-15T13:46:06+00:00","twitter_card":"summary_large_image","twitter_misc":{"Gesch\u00e4tzte Lesezeit":"3\u00a0Minuten"},"schema":{"@context":"https:\/\/schema.org","@graph":[{"@type":"WebPage","@id":"https:\/\/noviply.com\/de\/trainingscenter\/","url":"https:\/\/noviply.com\/de\/trainingscenter\/","name":"Trainingscenter | Noviply","isPartOf":{"@id":"https:\/\/noviply.com\/de\/#website"},"datePublished":"2026-03-14T10:37:24+00:00","dateModified":"2026-03-15T13:46:06+00:00","breadcrumb":{"@id":"https:\/\/noviply.com\/de\/trainingscenter\/#breadcrumb"},"inLanguage":"de","potentialAction":[{"@type":"ReadAction","target":["https:\/\/noviply.com\/de\/trainingscenter\/"]}]},{"@type":"BreadcrumbList","@id":"https:\/\/noviply.com\/de\/trainingscenter\/#breadcrumb","itemListElement":[{"@type":"ListItem","position":1,"name":"Home","item":"https:\/\/noviply.com\/de\/"},{"@type":"ListItem","position":2,"name":"Trainingscenter"}]},{"@type":"WebSite","@id":"https:\/\/noviply.com\/de\/#website","url":"https:\/\/noviply.com\/de\/","name":"Noviply\u00ae","description":"REFURBISHING APPLICATIONS","publisher":{"@id":"https:\/\/noviply.com\/de\/#organization"},"potentialAction":[{"@type":"SearchAction","target":{"@type":"EntryPoint","urlTemplate":"https:\/\/noviply.com\/de\/?s={search_term_string}"},"query-input":{"@type":"PropertyValueSpecification","valueRequired":true,"valueName":"search_term_string"}}],"inLanguage":"de"},{"@type":"Organization","@id":"https:\/\/noviply.com\/de\/#organization","name":"Noviply\u00ae","url":"https:\/\/noviply.com\/de\/","logo":{"@type":"ImageObject","inLanguage":"de","@id":"https:\/\/noviply.com\/de\/#\/schema\/logo\/image\/","url":"https:\/\/noviply.com\/wp-content\/uploads\/2025\/11\/logo-noviply-q.svg","contentUrl":"https:\/\/noviply.com\/wp-content\/uploads\/2025\/11\/logo-noviply-q.svg","width":400,"height":400,"caption":"Noviply\u00ae"},"image":{"@id":"https:\/\/noviply.com\/de\/#\/schema\/logo\/image\/"},"sameAs":["https:\/\/www.linkedin.com\/company\/noviply"]}]}},"_links":{"self":[{"href":"https:\/\/noviply.com\/de\/wp-json\/wp\/v2\/pages\/19356","targetHints":{"allow":["GET"]}}],"collection":[{"href":"https:\/\/noviply.com\/de\/wp-json\/wp\/v2\/pages"}],"about":[{"href":"https:\/\/noviply.com\/de\/wp-json\/wp\/v2\/types\/page"}],"author":[{"embeddable":true,"href":"https:\/\/noviply.com\/de\/wp-json\/wp\/v2\/users\/3"}],"replies":[{"embeddable":true,"href":"https:\/\/noviply.com\/de\/wp-json\/wp\/v2\/comments?post=19356"}],"version-history":[{"count":6,"href":"https:\/\/noviply.com\/de\/wp-json\/wp\/v2\/pages\/19356\/revisions"}],"predecessor-version":[{"id":19391,"href":"https:\/\/noviply.com\/de\/wp-json\/wp\/v2\/pages\/19356\/revisions\/19391"}],"wp:attachment":[{"href":"https:\/\/noviply.com\/de\/wp-json\/wp\/v2\/media?parent=19356"}],"curies":[{"name":"wp","href":"https:\/\/api.w.org\/{rel}","templated":true}]}}