{"id":19367,"date":"2026-03-14T12:48:16","date_gmt":"2026-03-14T11:48:16","guid":{"rendered":"https:\/\/noviply.com\/?page_id=19367"},"modified":"2026-03-15T14:36:20","modified_gmt":"2026-03-15T13:36:20","slug":"tastaturaufkleber-training","status":"publish","type":"page","link":"https:\/\/noviply.com\/de\/trainingscenter\/tastaturaufkleber-training\/","title":{"rendered":"Tastaturaufkleber Training"},"content":{"rendered":"<div class=\"wpb-content-wrapper\"><p>[vc_row][vc_column][vc_column_text css=&#8220;&#8220; css_params=&#8220;&#8220;]<\/p>\n<h1 style=\"text-align: center;\">Tastaturaufkleber Training<\/h1>\n<p style=\"text-align: center;\">Anleitung zum Anbringen unserer Tastaturaufkleber auf Tastaturen\/ Laptops<\/p>\n<p>[\/vc_column_text]<div class=\"porto-process wpb_custom_aa84c36a6a947f6099708744f0f74b68\"><div class=\"process-step wpb_custom_e03dc5a8a169bfdfccbaed44883810c3\"><div class=\"process-step-circle\"><strong class=\"process-step-circle-content\">1<\/strong><\/div><div class=\"process-step-content\"><h4 class=\"step-item-title\">Vorbereitung der Oberfl\u00e4che<\/h4><div class=\"process-step-desc\">\n<table>\n<tbody>\n<tr>\n<td><img loading=\"lazy\" decoding=\"async\" class=\"size-medium wp-image-19292 alignleft\" src=\"https:\/\/noviply.com\/wp-content\/uploads\/2026\/03\/A-300x257.jpg\" alt=\"Keyboard Sticker Training\" width=\"300\" height=\"257\"><\/td>\n<\/tr>\n<tr>\n<td>Geben Sie eine kleine Menge Isopropanol (99,9 % Alkohol) auf ein fusselfreies Tuch.<\/td>\n<\/tr>\n<tr>\n<td><img loading=\"lazy\" decoding=\"async\" class=\"size-medium wp-image-19293 alignleft\" src=\"https:\/\/noviply.com\/wp-content\/uploads\/2026\/03\/B-300x257.jpg\" alt=\"\" width=\"300\" height=\"257\"><\/td>\n<\/tr>\n<tr>\n<td>\n<p><strong>Reinigen<\/strong> Sie damit vorsichtig die <strong>gesamte Tastaturoberfl\u00e4che<\/strong>, um Staub, Fett und Schmutz zu entfernen. <strong>Wischen Sie anschlie\u00dfend<\/strong> die Tastatur mit einem sauberen, trockenen und ebenfalls fusselfreien Tuch <strong>trocken<\/strong>.<\/p>\n<p><strong>Wichtig:<\/strong> Nach der Reinigung muss das Isopropanol vollst\u00e4ndig verdunstet\/ verdampft sein, bevor die Sticker angebracht werden.<\/p>\n<p>Wischen Sie auch einmal \u00fcber beide Seiten des Stickers, um eventuell anhaftenden Staub oder Partikel zu entfernen, da sich diese sonst auf den Tasten absetzen k\u00f6nnten.<\/td>\n<\/tr>\n<\/tbody>\n<\/table>\n<p><\/div><\/div><\/div><div class=\"process-step wpb_custom_e03dc5a8a169bfdfccbaed44883810c3\"><div class=\"process-step-circle\"><strong class=\"process-step-circle-content\">2<\/strong><\/div><div class=\"process-step-content\"><h4 class=\"step-item-title\">Positionieren des Stickers<\/h4><div class=\"process-step-desc\">\n<table>\n<tbody>\n<tr>\n<td><img loading=\"lazy\" decoding=\"async\" class=\"size-medium wp-image-19294 alignleft\" src=\"https:\/\/noviply.com\/wp-content\/uploads\/2026\/03\/C-300x257.jpg\" alt=\"\" width=\"300\" height=\"257\"><\/td>\n<\/tr>\n<tr>\n<td>Platzieren Sie den Sticker <strong>exakt auf der Tastatur<\/strong>. <strong>Fixieren Sie<\/strong> anschlie\u00dfend die linke Seite des Stickers mit einem St\u00fcck Kreppklebeband, damit er w\u00e4hrend des Anbringens nicht verrutscht.<\/td>\n<\/tr>\n<\/tbody>\n<\/table>\n<p><\/div><\/div><\/div><div class=\"process-step wpb_custom_e03dc5a8a169bfdfccbaed44883810c3\"><div class=\"process-step-circle\"><strong class=\"process-step-circle-content\">3<\/strong><\/div><div class=\"process-step-content\"><h4 class=\"step-item-title\">Anbringen der Sticker<\/h4><div class=\"process-step-desc\">\n<table>\n<tbody>\n<tr>\n<td>Bevor Sie fortfahren, kleben Sie ein St\u00fcck Kreppklebeband unter die Stelle, an der die Modellbezeichnung sitzen w\u00fcrde, oder schneiden Sie die Modellbezeichnung mit einer Schere ab.<\/td>\n<\/tr>\n<tr>\n<td><img loading=\"lazy\" decoding=\"async\" class=\"size-medium wp-image-19295 alignleft\" src=\"https:\/\/noviply.com\/wp-content\/uploads\/2026\/03\/D-300x257.jpg\" alt=\"\" width=\"300\" height=\"257\"><\/td>\n<\/tr>\n<tr>\n<td><strong>Klappen Sie nun den Sticker nach oben<\/strong> und trennen Sie vorsichtig die untere Tr\u00e4gerfolie von der Transferfolie.<\/td>\n<\/tr>\n<tr>\n<td><img loading=\"lazy\" decoding=\"async\" class=\"size-medium wp-image-19296 alignleft\" src=\"https:\/\/noviply.com\/wp-content\/uploads\/2026\/03\/E-300x257.jpg\" alt=\"\" width=\"300\" height=\"257\"><\/td>\n<\/tr>\n<tr>\n<td>Dr\u00fccken Sie die Sticker <strong>mit einer Schaumstoff-Andr\u00fcckrolle<\/strong> von links nach rechts gleichm\u00e4\u00dfig auf die Tastatur. Arbeiten Sie langsam und mit Druck (jedoch nur so viel, dass der Sticker nicht gedehnt wird), damit sich die Sticker sauber auf der Oberfl\u00e4che anlegen.<br \/>\nGehen Sie anschlie\u00dfend noch einmal mit der festeren Andr\u00fcckrolle \u00fcber alle Tasten.<\/td>\n<\/tr>\n<\/tbody>\n<\/table>\n<p><\/div><\/div><\/div><div class=\"process-step wpb_custom_e03dc5a8a169bfdfccbaed44883810c3\"><div class=\"process-step-circle\"><strong class=\"process-step-circle-content\">4<\/strong><\/div><div class=\"process-step-content\"><h4 class=\"step-item-title\">Abziehen der Transferfolie<\/h4><div class=\"process-step-desc\">\n<table>\n<tbody>\n<tr>\n<td><img loading=\"lazy\" decoding=\"async\" class=\"size-medium wp-image-19298 alignleft\" src=\"https:\/\/noviply.com\/wp-content\/uploads\/2026\/03\/G-300x257.jpg\" alt=\"\" width=\"300\" height=\"257\"><img loading=\"lazy\" decoding=\"async\" class=\"size-medium wp-image-19297 alignleft\" src=\"https:\/\/noviply.com\/wp-content\/uploads\/2026\/03\/F-300x257.jpg\" alt=\"\" width=\"300\" height=\"257\"><\/td>\n<\/tr>\n<tr>\n<td>\n<p>Wenn Sie Rechtsh\u00e4nder sind, beginnen Sie oben links und ziehen Sie die Transferfolie langsam ab.<\/p>\n<p>Halten Sie die Transferfolie mit einer Hand und ziehen Sie diese in einem <strong>sehr flachen Winkel<\/strong> ab. Mit der anderen Hand <strong>nutzen Sie einen Rakel<\/strong>, um die Sticker w\u00e4hrend des Abziehens zu fixieren.<\/td>\n<\/tr>\n<tr>\n<td><img loading=\"lazy\" decoding=\"async\" class=\"size-medium wp-image-19299 alignleft\" src=\"https:\/\/noviply.com\/wp-content\/uploads\/2026\/03\/H-300x257.jpg\" alt=\"\" width=\"300\" height=\"257\"><\/td>\n<\/tr>\n<tr>\n<td>Nachdem Sie die Transferfolie entfernt haben, rollen Sie noch einmal mit einer weichen Andr\u00fcckrolle \u00fcber die gesamte Tastatur und anschlie\u00dfend ein weiteres Mal mit einer etwas festeren Rolle und leicht erh\u00f6htem Druck.<\/td>\n<\/tr>\n<\/tbody>\n<\/table>\n<p><\/div><\/div><\/div><\/div>[vc_column_text css=&#8220;&#8220; css_params=&#8220;&#8220;]\u2e3b<\/p>\n<p><strong>Luftblasen?<\/strong><\/p>\n<p>Kleine Luftblasen k\u00f6nnen unmittelbar nach dem Aufsetzen vorsichtig mit leichtem Druck herausgestrichen werden.<\/p>\n<p>Alternativ empfehlen wir den <strong>Bubble Pen<\/strong>: Stechen Sie mit der feinen Spitze vorsichtig an einer \u00e4u\u00dferen Kante der Luftblase ein und dr\u00fccken Sie die Luft von allen Seiten in Richtung dieser \u00d6ffnung heraus.<\/p>\n<p>\u2e3b<\/p>\n<p><strong>Wichtige Informationen<\/strong><\/p>\n<ul>\n<li>Halten Sie den Arbeitsraum auf normaler Zimmertemperatur: 18\u201322 \u00b0C (+\/\u2013)<\/li>\n<li>Lagern Sie die Sticker bei Raumtemperatur und trocken.<\/li>\n<li>Alle Tasten sind an allen Seiten minimal verkleinert. Zentrieren Sie die Folie daher sowohl vertikal als auch horizontal.<\/li>\n<li>Der Farbabgleich erfolgt unter 1200 lx (\u00d8-Wert f\u00fcr \u201enormale\u201c Lichtverh\u00e4ltnisse). Unter bestimmten Lichtbedingungen kann die Farbe der Sticker leicht vom Farbton der Tastatur abweichen. Beachten Sie, dass unterschiedliche Materialien Licht verschieden absorbieren oder reflektieren k\u00f6nnen, wodurch leichte Unterschiede entstehen k\u00f6nnen.<\/li>\n<\/ul>\n<p>[\/vc_column_text][\/vc_column][\/vc_row][vc_row][vc_column][vc_column_text css=&#8220;&#8220; css_params=&#8220;&#8220;]<\/p>\n<p style=\"text-align: center;\"><strong>Sehen Sie sich das Video an!<\/strong><\/p>\n<p>[\/vc_column_text][vc_row_inner][vc_column_inner width=&#8220;1\/4&#8243;][\/vc_column_inner][vc_column_inner width=&#8220;1\/2&#8243; css=&#8220;.vc_custom_1773575450188{background-color: #f7f7f7 !important;border-radius: 20px !important;}&#8220; css_params=&#8220;&#8220;][vc_video link=&#8220;https:\/\/youtube.com\/shorts\/2nKpzYOpsXA?feature=share&#8220; el_width=&#8220;40&#8243; el_aspect=&#8220;916&#8243; align=&#8220;center&#8220; css=&#8220;&#8220; css_params=&#8220;&#8220;][\/vc_column_inner][vc_column_inner width=&#8220;1\/4&#8243;][\/vc_column_inner][\/vc_row_inner][\/vc_column][\/vc_row][vc_row][vc_column][vc_column_text css=&#8220;&#8220; css_params=&#8220;&#8220;]<strong>Ben\u00f6tigen Sie Unterst\u00fctzung?<\/strong><\/p>\n<p>Z\u00f6gern Sie nicht, uns \u00fcber WhatsApp zu kontaktieren, um pers\u00f6nliche Unterst\u00fctzung zu erhalten![\/vc_column_text][vc_btn title=&#8220;WhatsApp-Support&#8220; align=&#8220;left&#8220; i_icon_fontawesome=&#8220;fab fa-whatsapp&#8220; add_icon=&#8220;true&#8220; link=&#8220;url:https%3A%2F%2Fwa.me%2F4942215923324&#8243; css_params=&#8220;&#8220;][\/vc_column][\/vc_row]<\/p>\n<\/div>","protected":false},"excerpt":{"rendered":"<p>[vc_row][vc_column][vc_column_text css=&#8220;&#8220; css_params=&#8220;&#8220;] Tastaturaufkleber Training Anleitung zum Anbringen unserer Tastaturaufkleber auf Tastaturen\/ Laptops [\/vc_column_text][vc_column_text css=&#8220;&#8220; css_params=&#8220;&#8220;]\u2e3b Luftblasen? Kleine Luftblasen k\u00f6nnen unmittelbar nach dem Aufsetzen vorsichtig mit leichtem Druck herausgestrichen werden. Alternativ empfehlen wir den Bubble Pen: Stechen Sie mit der feinen Spitze vorsichtig an einer \u00e4u\u00dferen Kante der Luftblase ein und dr\u00fccken Sie die Luft [&hellip;]<\/p>\n","protected":false},"author":3,"featured_media":0,"parent":19356,"menu_order":0,"comment_status":"closed","ping_status":"closed","template":"","meta":{"_joinchat":[],"footnotes":""},"class_list":["post-19367","page","type-page","status-publish","hentry"],"yoast_head":"<!-- This site is optimized with the Yoast SEO plugin v27.1.1 - https:\/\/yoast.com\/product\/yoast-seo-wordpress\/ -->\n<title>Tastaturaufkleber Training | Noviply<\/title>\n<meta name=\"robots\" content=\"noindex, follow\" \/>\n<meta property=\"og:locale\" content=\"de_DE\" \/>\n<meta property=\"og:type\" content=\"article\" \/>\n<meta property=\"og:title\" content=\"Tastaturaufkleber Training | Noviply\" \/>\n<meta property=\"og:description\" content=\"[vc_row][vc_column][vc_column_text css=&#8220;&#8220; css_params=&#8220;&#8220;] Tastaturaufkleber Training Anleitung zum Anbringen unserer Tastaturaufkleber auf Tastaturen\/ Laptops [\/vc_column_text][vc_column_text css=&#8220;&#8220; css_params=&#8220;&#8220;]\u2e3b Luftblasen? Kleine Luftblasen k\u00f6nnen unmittelbar nach dem Aufsetzen vorsichtig mit leichtem Druck herausgestrichen werden. Alternativ empfehlen wir den Bubble Pen: Stechen Sie mit der feinen Spitze vorsichtig an einer \u00e4u\u00dferen Kante der Luftblase ein und dr\u00fccken Sie die Luft [&hellip;]\" \/>\n<meta property=\"og:url\" content=\"https:\/\/noviply.com\/de\/trainingscenter\/tastaturaufkleber-training\/\" \/>\n<meta property=\"og:site_name\" content=\"Noviply\" \/>\n<meta property=\"article:modified_time\" content=\"2026-03-15T13:36:20+00:00\" \/>\n<meta property=\"og:image\" content=\"https:\/\/noviply.com\/wp-content\/uploads\/2026\/03\/A.jpg\" \/>\n\t<meta property=\"og:image:width\" content=\"350\" \/>\n\t<meta property=\"og:image:height\" content=\"300\" \/>\n\t<meta property=\"og:image:type\" content=\"image\/jpeg\" \/>\n<meta name=\"twitter:card\" content=\"summary_large_image\" \/>\n<meta name=\"twitter:label1\" content=\"Gesch\u00e4tzte Lesezeit\" \/>\n\t<meta name=\"twitter:data1\" content=\"5\u00a0Minuten\" \/>\n<script type=\"application\/ld+json\" class=\"yoast-schema-graph\">{\"@context\":\"https:\/\/schema.org\",\"@graph\":[{\"@type\":\"WebPage\",\"@id\":\"https:\/\/noviply.com\/de\/trainingscenter\/tastaturaufkleber-training\/\",\"url\":\"https:\/\/noviply.com\/de\/trainingscenter\/tastaturaufkleber-training\/\",\"name\":\"Tastaturaufkleber Training | Noviply\",\"isPartOf\":{\"@id\":\"https:\/\/noviply.com\/de\/#website\"},\"primaryImageOfPage\":{\"@id\":\"https:\/\/noviply.com\/de\/trainingscenter\/tastaturaufkleber-training\/#primaryimage\"},\"image\":{\"@id\":\"https:\/\/noviply.com\/de\/trainingscenter\/tastaturaufkleber-training\/#primaryimage\"},\"thumbnailUrl\":\"https:\/\/noviply.com\/wp-content\/uploads\/2026\/03\/A-300x257.jpg\",\"datePublished\":\"2026-03-14T11:48:16+00:00\",\"dateModified\":\"2026-03-15T13:36:20+00:00\",\"breadcrumb\":{\"@id\":\"https:\/\/noviply.com\/de\/trainingscenter\/tastaturaufkleber-training\/#breadcrumb\"},\"inLanguage\":\"de\",\"potentialAction\":[{\"@type\":\"ReadAction\",\"target\":[\"https:\/\/noviply.com\/de\/trainingscenter\/tastaturaufkleber-training\/\"]}]},{\"@type\":\"ImageObject\",\"inLanguage\":\"de\",\"@id\":\"https:\/\/noviply.com\/de\/trainingscenter\/tastaturaufkleber-training\/#primaryimage\",\"url\":\"https:\/\/noviply.com\/wp-content\/uploads\/2026\/03\/A-300x257.jpg\",\"contentUrl\":\"https:\/\/noviply.com\/wp-content\/uploads\/2026\/03\/A-300x257.jpg\"},{\"@type\":\"BreadcrumbList\",\"@id\":\"https:\/\/noviply.com\/de\/trainingscenter\/tastaturaufkleber-training\/#breadcrumb\",\"itemListElement\":[{\"@type\":\"ListItem\",\"position\":1,\"name\":\"Home\",\"item\":\"https:\/\/noviply.com\/de\/\"},{\"@type\":\"ListItem\",\"position\":2,\"name\":\"Trainingscenter\",\"item\":\"https:\/\/noviply.com\/de\/skill-center\/\"},{\"@type\":\"ListItem\",\"position\":3,\"name\":\"Tastaturaufkleber Training\"}]},{\"@type\":\"WebSite\",\"@id\":\"https:\/\/noviply.com\/de\/#website\",\"url\":\"https:\/\/noviply.com\/de\/\",\"name\":\"Noviply\u00ae\",\"description\":\"REFURBISHING APPLICATIONS\",\"publisher\":{\"@id\":\"https:\/\/noviply.com\/de\/#organization\"},\"potentialAction\":[{\"@type\":\"SearchAction\",\"target\":{\"@type\":\"EntryPoint\",\"urlTemplate\":\"https:\/\/noviply.com\/de\/?s={search_term_string}\"},\"query-input\":{\"@type\":\"PropertyValueSpecification\",\"valueRequired\":true,\"valueName\":\"search_term_string\"}}],\"inLanguage\":\"de\"},{\"@type\":\"Organization\",\"@id\":\"https:\/\/noviply.com\/de\/#organization\",\"name\":\"Noviply\u00ae\",\"url\":\"https:\/\/noviply.com\/de\/\",\"logo\":{\"@type\":\"ImageObject\",\"inLanguage\":\"de\",\"@id\":\"https:\/\/noviply.com\/de\/#\/schema\/logo\/image\/\",\"url\":\"https:\/\/noviply.com\/wp-content\/uploads\/2025\/11\/logo-noviply-q.svg\",\"contentUrl\":\"https:\/\/noviply.com\/wp-content\/uploads\/2025\/11\/logo-noviply-q.svg\",\"width\":400,\"height\":400,\"caption\":\"Noviply\u00ae\"},\"image\":{\"@id\":\"https:\/\/noviply.com\/de\/#\/schema\/logo\/image\/\"},\"sameAs\":[\"https:\/\/www.linkedin.com\/company\/noviply\"]}]}<\/script>\n<!-- \/ Yoast SEO plugin. -->","yoast_head_json":{"title":"Tastaturaufkleber Training | Noviply","robots":{"index":"noindex","follow":"follow"},"og_locale":"de_DE","og_type":"article","og_title":"Tastaturaufkleber Training | Noviply","og_description":"[vc_row][vc_column][vc_column_text css=&#8220;&#8220; css_params=&#8220;&#8220;] Tastaturaufkleber Training Anleitung zum Anbringen unserer Tastaturaufkleber auf Tastaturen\/ Laptops [\/vc_column_text][vc_column_text css=&#8220;&#8220; css_params=&#8220;&#8220;]\u2e3b Luftblasen? Kleine Luftblasen k\u00f6nnen unmittelbar nach dem Aufsetzen vorsichtig mit leichtem Druck herausgestrichen werden. Alternativ empfehlen wir den Bubble Pen: Stechen Sie mit der feinen Spitze vorsichtig an einer \u00e4u\u00dferen Kante der Luftblase ein und dr\u00fccken Sie die Luft [&hellip;]","og_url":"https:\/\/noviply.com\/de\/trainingscenter\/tastaturaufkleber-training\/","og_site_name":"Noviply","article_modified_time":"2026-03-15T13:36:20+00:00","og_image":[{"width":350,"height":300,"url":"https:\/\/noviply.com\/wp-content\/uploads\/2026\/03\/A.jpg","type":"image\/jpeg"}],"twitter_card":"summary_large_image","twitter_misc":{"Gesch\u00e4tzte Lesezeit":"5\u00a0Minuten"},"schema":{"@context":"https:\/\/schema.org","@graph":[{"@type":"WebPage","@id":"https:\/\/noviply.com\/de\/trainingscenter\/tastaturaufkleber-training\/","url":"https:\/\/noviply.com\/de\/trainingscenter\/tastaturaufkleber-training\/","name":"Tastaturaufkleber Training | Noviply","isPartOf":{"@id":"https:\/\/noviply.com\/de\/#website"},"primaryImageOfPage":{"@id":"https:\/\/noviply.com\/de\/trainingscenter\/tastaturaufkleber-training\/#primaryimage"},"image":{"@id":"https:\/\/noviply.com\/de\/trainingscenter\/tastaturaufkleber-training\/#primaryimage"},"thumbnailUrl":"https:\/\/noviply.com\/wp-content\/uploads\/2026\/03\/A-300x257.jpg","datePublished":"2026-03-14T11:48:16+00:00","dateModified":"2026-03-15T13:36:20+00:00","breadcrumb":{"@id":"https:\/\/noviply.com\/de\/trainingscenter\/tastaturaufkleber-training\/#breadcrumb"},"inLanguage":"de","potentialAction":[{"@type":"ReadAction","target":["https:\/\/noviply.com\/de\/trainingscenter\/tastaturaufkleber-training\/"]}]},{"@type":"ImageObject","inLanguage":"de","@id":"https:\/\/noviply.com\/de\/trainingscenter\/tastaturaufkleber-training\/#primaryimage","url":"https:\/\/noviply.com\/wp-content\/uploads\/2026\/03\/A-300x257.jpg","contentUrl":"https:\/\/noviply.com\/wp-content\/uploads\/2026\/03\/A-300x257.jpg"},{"@type":"BreadcrumbList","@id":"https:\/\/noviply.com\/de\/trainingscenter\/tastaturaufkleber-training\/#breadcrumb","itemListElement":[{"@type":"ListItem","position":1,"name":"Home","item":"https:\/\/noviply.com\/de\/"},{"@type":"ListItem","position":2,"name":"Trainingscenter","item":"https:\/\/noviply.com\/de\/skill-center\/"},{"@type":"ListItem","position":3,"name":"Tastaturaufkleber Training"}]},{"@type":"WebSite","@id":"https:\/\/noviply.com\/de\/#website","url":"https:\/\/noviply.com\/de\/","name":"Noviply\u00ae","description":"REFURBISHING APPLICATIONS","publisher":{"@id":"https:\/\/noviply.com\/de\/#organization"},"potentialAction":[{"@type":"SearchAction","target":{"@type":"EntryPoint","urlTemplate":"https:\/\/noviply.com\/de\/?s={search_term_string}"},"query-input":{"@type":"PropertyValueSpecification","valueRequired":true,"valueName":"search_term_string"}}],"inLanguage":"de"},{"@type":"Organization","@id":"https:\/\/noviply.com\/de\/#organization","name":"Noviply\u00ae","url":"https:\/\/noviply.com\/de\/","logo":{"@type":"ImageObject","inLanguage":"de","@id":"https:\/\/noviply.com\/de\/#\/schema\/logo\/image\/","url":"https:\/\/noviply.com\/wp-content\/uploads\/2025\/11\/logo-noviply-q.svg","contentUrl":"https:\/\/noviply.com\/wp-content\/uploads\/2025\/11\/logo-noviply-q.svg","width":400,"height":400,"caption":"Noviply\u00ae"},"image":{"@id":"https:\/\/noviply.com\/de\/#\/schema\/logo\/image\/"},"sameAs":["https:\/\/www.linkedin.com\/company\/noviply"]}]}},"_links":{"self":[{"href":"https:\/\/noviply.com\/de\/wp-json\/wp\/v2\/pages\/19367","targetHints":{"allow":["GET"]}}],"collection":[{"href":"https:\/\/noviply.com\/de\/wp-json\/wp\/v2\/pages"}],"about":[{"href":"https:\/\/noviply.com\/de\/wp-json\/wp\/v2\/types\/page"}],"author":[{"embeddable":true,"href":"https:\/\/noviply.com\/de\/wp-json\/wp\/v2\/users\/3"}],"replies":[{"embeddable":true,"href":"https:\/\/noviply.com\/de\/wp-json\/wp\/v2\/comments?post=19367"}],"version-history":[{"count":2,"href":"https:\/\/noviply.com\/de\/wp-json\/wp\/v2\/pages\/19367\/revisions"}],"predecessor-version":[{"id":19388,"href":"https:\/\/noviply.com\/de\/wp-json\/wp\/v2\/pages\/19367\/revisions\/19388"}],"up":[{"embeddable":true,"href":"https:\/\/noviply.com\/de\/wp-json\/wp\/v2\/pages\/19356"}],"wp:attachment":[{"href":"https:\/\/noviply.com\/de\/wp-json\/wp\/v2\/media?parent=19367"}],"curies":[{"name":"wp","href":"https:\/\/api.w.org\/{rel}","templated":true}]}}