{"id":19378,"date":"2026-03-15T12:39:59","date_gmt":"2026-03-15T11:39:59","guid":{"rendered":"https:\/\/noviply.com\/?page_id=19378"},"modified":"2026-03-15T14:17:47","modified_gmt":"2026-03-15T13:17:47","slug":"display-folie-training","status":"publish","type":"page","link":"https:\/\/noviply.com\/de\/trainingscenter\/display-folie-training\/","title":{"rendered":"Display Folie Training"},"content":{"rendered":"<div class=\"wpb-content-wrapper\"><p>[vc_row][vc_column][vc_column_text css=&#8220;&#8220; css_params=&#8220;&#8220;]<\/p>\n<h1 style=\"text-align: center;\">Display Folien-Training<\/h1>\n<p style=\"text-align: center;\">Anleitung zum Anbringen unserer Display Refurbishing-Folie<\/p>\n<p>[\/vc_column_text]<div class=\"porto-process wpb_custom_aa84c36a6a947f6099708744f0f74b68\"><div class=\"process-step wpb_custom_e03dc5a8a169bfdfccbaed44883810c3\"><div class=\"process-step-circle\"><strong class=\"process-step-circle-content\">1<\/strong><\/div><div class=\"process-step-content\"><h4 class=\"step-item-title\">Display reinigen<\/h4><div class=\"process-step-desc\">\n<table>\n<tbody>\n<tr>\n<td><img loading=\"lazy\" decoding=\"async\" class=\"wp-image-19315 size-medium alignleft\" src=\"https:\/\/noviply.com\/wp-content\/uploads\/2026\/03\/display-refurbishing-step-1-300x257.jpg\" alt=\"Display Film Training\" width=\"300\" height=\"257\" \/><\/td>\n<\/tr>\n<tr>\n<td>Reinige das Display gr\u00fcndlich, sodass es <strong>frei von Fett, Staub und Fusseln<\/strong> ist. Du kannst daf\u00fcr jeden geeigneten Reiniger verwenden \u2013 oder wir stellen dir ein passendes Produkt zur Verf\u00fcgung.<\/p>\n<p><strong>Wichtig:<\/strong><br \/>\nReinige auch den Displayrahmen und gegebenenfalls die Arbeitsumgebung, damit kein Staub unter die Folie gelangt.<br \/>\nAchte darauf, dass keine Staubpartikel oder R\u00fcckst\u00e4nde auf der Oberfl\u00e4che verbleiben.<\/td>\n<\/tr>\n<\/tbody>\n<\/table>\n<p><\/div><\/div><\/div><div class=\"process-step wpb_custom_e03dc5a8a169bfdfccbaed44883810c3\"><div class=\"process-step-circle\"><strong class=\"process-step-circle-content\">2<\/strong><\/div><div class=\"process-step-content\"><h4 class=\"step-item-title\">Folie vorbereiten<\/h4><div class=\"process-step-desc\">\n<table>\n<tbody>\n<tr>\n<td><img loading=\"lazy\" decoding=\"async\" class=\"wp-image-19316 size-medium alignleft\" src=\"https:\/\/noviply.com\/wp-content\/uploads\/2026\/03\/display-refurbishing-step-2-300x256.jpg\" alt=\"Display Film Training\" width=\"300\" height=\"256\" \/><\/td>\n<\/tr>\n<tr>\n<td>Ziehe die zugeschnittene Displayfolie ab und bespr\u00fche die gesamte Klebefl\u00e4che gleichm\u00e4\u00dfig mit <strong>Noviply\u00ae Transfergel<\/strong>.<br \/>\nDie Klebeseite sollte einen gleichm\u00e4\u00dfigen Spr\u00fchfilm haben \u2013 gerade so viel, dass die Oberfl\u00e4che vollst\u00e4ndig benetzt ist, ohne dass es zu tropfen beginnt.<\/td>\n<\/tr>\n<\/tbody>\n<\/table>\n<p><\/div><\/div><\/div><div class=\"process-step wpb_custom_e03dc5a8a169bfdfccbaed44883810c3\"><div class=\"process-step-circle\"><strong class=\"process-step-circle-content\">3<\/strong><\/div><div class=\"process-step-content\"><h4 class=\"step-item-title\">Folie positionieren<\/h4><div class=\"process-step-desc\">\n<table>\n<tbody>\n<tr>\n<td><img loading=\"lazy\" decoding=\"async\" class=\"wp-image-19320 size-medium alignleft\" src=\"https:\/\/noviply.com\/wp-content\/uploads\/2026\/03\/display-refurbishing-step-3-a-300x257.jpg\" alt=\"Display Film Training\" width=\"300\" height=\"257\" \/><\/td>\n<\/tr>\n<tr>\n<td>Setze die Folie vorsichtig auf das Display und richte sie <strong>horizontal und vertikal<\/strong> aus.<br \/>\nDurch das Transfergel kannst du die Folie bei Bedarf noch einmal neu positionieren.<\/td>\n<\/tr>\n<\/tbody>\n<\/table>\n<p><\/div><\/div><\/div><div class=\"process-step wpb_custom_e03dc5a8a169bfdfccbaed44883810c3\"><div class=\"process-step-circle\"><strong class=\"process-step-circle-content\">4<\/strong><\/div><div class=\"process-step-content\"><h4 class=\"step-item-title\">Transfergel herausrakeln<\/h4><div class=\"process-step-desc\">\n<table>\n<tbody>\n<tr>\n<td><img loading=\"lazy\" decoding=\"async\" class=\"wp-image-19317 size-medium alignleft\" src=\"https:\/\/noviply.com\/wp-content\/uploads\/2026\/03\/display-refurbishing-step-3-300x256.jpg\" alt=\"Display Film Training\" width=\"300\" height=\"256\" \/><\/td>\n<\/tr>\n<tr>\n<td>Spr\u00fche einen <strong>feinen Nebel auf die Oberseite<\/strong> der Folie, damit der Rakel besser gleitet. Verwende anschlie\u00dfend den Gummi-Rakel, um <strong>das Transfergel von der Mitte aus<\/strong> nach links und rechts sowie nach oben und unten herauszustreichen.<\/td>\n<\/tr>\n<tr>\n<td><img loading=\"lazy\" decoding=\"async\" class=\"wp-image-19318 size-medium alignleft\" src=\"https:\/\/noviply.com\/wp-content\/uploads\/2026\/03\/display-refurbishing-step-4-300x258.jpg\" alt=\"Display Film Training\" width=\"300\" height=\"258\" \/><\/td>\n<\/tr>\n<tr>\n<td>F\u00fchre den ersten Rakelvorgang mit mittlerem Druck aus und <strong>erh\u00f6he anschlie\u00dfend den Druck schrittweise<\/strong>.<br \/>\nNutze mit der anderen Hand ein <strong>saugf\u00e4higes Tuch<\/strong>, um die austretende <strong>Fl\u00fcssigkeit an den R\u00e4ndern aufzufangen<\/strong>. Zu diesem Zweck haben wir die Folie an allen Seiten minimal verkleinert.<\/td>\n<\/tr>\n<tr>\n<td><img loading=\"lazy\" decoding=\"async\" class=\"wp-image-19319 size-medium alignleft\" src=\"https:\/\/noviply.com\/wp-content\/uploads\/2026\/03\/display-refurbishing-step-5-300x257.jpg\" alt=\"Display Film Training\" width=\"300\" height=\"257\" \/><\/td>\n<\/tr>\n<tr>\n<td>Wiederhole diesen Vorgang, bis keine Fl\u00fcssigkeit mehr an den R\u00e4ndern austritt.<\/td>\n<\/tr>\n<\/tbody>\n<\/table>\n<p><\/div><\/div><\/div><\/div>[vc_column_text css=&#8220;&#8220; css_params=&#8220;&#8220;]<strong>Hinweis<\/strong><\/p>\n<p>Kurz nach dem Aufbringen der Folie kann ein leicht milchiges oder feuchtes Erscheinungsbild entstehen. Keine Sorge \u2013 dabei handelt es sich lediglich um Restfeuchtigkeit, die mit der Zeit vollst\u00e4ndig trocknet.<\/p>\n<p>Sollten kleine Luftblasen zur\u00fcckbleiben, die sich nicht herausrakeln lassen, verschwinden diese in der Regel innerhalb von 24 Stunden von selbst. Gr\u00f6\u00dfere Luft- oder Feuchtigkeitsblasen verschwinden hingegen nicht von alleine. Arbeite daher sorgf\u00e4ltig und pr\u00e4zise.<\/p>\n<p>Du hast es eilig? Appliziere die Folie und versende das Ger\u00e4t im Sommer einfach direkt. In k\u00e4lteren Monaten kannst du einen kleinen Silica-Gel-Beutel zum Laptop legen, damit die Restfeuchtigkeit w\u00e4hrend des Versands aufgenommen wird.[\/vc_column_text][\/vc_column][\/vc_row][vc_row][vc_column][vc_column_text css=&#8220;&#8220; css_params=&#8220;&#8220;]<\/p>\n<p style=\"text-align: center;\"><strong>See the video below!<\/strong><\/p>\n<p>[\/vc_column_text][vc_row_inner][vc_column_inner width=&#8220;1\/4&#8243;][\/vc_column_inner][vc_column_inner width=&#8220;1\/2&#8243; css=&#8220;.vc_custom_1773574941931{background-color: #f7f7f7 !important;border-radius: 20px !important;}&#8220; css_params=&#8220;&#8220;][vc_video link=&#8220;https:\/\/youtube.com\/shorts\/jnh38pQK0-o?feature=share&#8220; el_width=&#8220;40&#8243; el_aspect=&#8220;916&#8243; align=&#8220;center&#8220; css=&#8220;&#8220; css_params=&#8220;&#8220;][\/vc_column_inner][vc_column_inner width=&#8220;1\/4&#8243;][\/vc_column_inner][\/vc_row_inner][\/vc_column][\/vc_row][vc_row][vc_column][vc_column_text css=&#8220;&#8220; css_params=&#8220;&#8220;]<strong>Ben\u00f6tigen Sie Unterst\u00fctzung?<\/strong><\/p>\n<p>Z\u00f6gern Sie nicht, uns \u00fcber WhatsApp zu kontaktieren, um pers\u00f6nliche Unterst\u00fctzung zu erhalten![\/vc_column_text][vc_btn title=&#8220;WhatsApp-Support&#8220; align=&#8220;left&#8220; i_icon_fontawesome=&#8220;fab fa-whatsapp&#8220; add_icon=&#8220;true&#8220; link=&#8220;url:https%3A%2F%2Fwa.me%2F4942215923324&#8243; css_params=&#8220;&#8220;][\/vc_column][\/vc_row]<\/p>\n<\/div>","protected":false},"excerpt":{"rendered":"<p>[vc_row][vc_column][vc_column_text css=&#8220;&#8220; css_params=&#8220;&#8220;] Display Folien-Training Anleitung zum Anbringen unserer Display Refurbishing-Folie [\/vc_column_text][vc_column_text css=&#8220;&#8220; css_params=&#8220;&#8220;]Hinweis Kurz nach dem Aufbringen der Folie kann ein leicht milchiges oder feuchtes Erscheinungsbild entstehen. Keine Sorge \u2013 dabei handelt es sich lediglich um Restfeuchtigkeit, die mit der Zeit vollst\u00e4ndig trocknet. Sollten kleine Luftblasen zur\u00fcckbleiben, die sich nicht herausrakeln lassen, verschwinden diese [&hellip;]<\/p>\n","protected":false},"author":3,"featured_media":0,"parent":19356,"menu_order":0,"comment_status":"closed","ping_status":"closed","template":"","meta":{"_joinchat":[],"footnotes":""},"class_list":["post-19378","page","type-page","status-publish","hentry"],"yoast_head":"<!-- This site is optimized with the Yoast SEO plugin v27.1.1 - https:\/\/yoast.com\/product\/yoast-seo-wordpress\/ -->\n<title>Display Folie Training | Noviply<\/title>\n<meta name=\"robots\" content=\"noindex, follow\" \/>\n<meta property=\"og:locale\" content=\"de_DE\" \/>\n<meta property=\"og:type\" content=\"article\" \/>\n<meta property=\"og:title\" content=\"Display Folie Training | Noviply\" \/>\n<meta property=\"og:description\" content=\"[vc_row][vc_column][vc_column_text css=&#8220;&#8220; css_params=&#8220;&#8220;] Display Folien-Training Anleitung zum Anbringen unserer Display Refurbishing-Folie [\/vc_column_text][vc_column_text css=&#8220;&#8220; css_params=&#8220;&#8220;]Hinweis Kurz nach dem Aufbringen der Folie kann ein leicht milchiges oder feuchtes Erscheinungsbild entstehen. Keine Sorge \u2013 dabei handelt es sich lediglich um Restfeuchtigkeit, die mit der Zeit vollst\u00e4ndig trocknet. Sollten kleine Luftblasen zur\u00fcckbleiben, die sich nicht herausrakeln lassen, verschwinden diese [&hellip;]\" \/>\n<meta property=\"og:url\" content=\"https:\/\/noviply.com\/de\/trainingscenter\/display-folie-training\/\" \/>\n<meta property=\"og:site_name\" content=\"Noviply\" \/>\n<meta property=\"article:modified_time\" content=\"2026-03-15T13:17:47+00:00\" \/>\n<meta property=\"og:image\" content=\"https:\/\/noviply.com\/wp-content\/uploads\/2026\/03\/display-refurbishing-step-1.jpg\" \/>\n\t<meta property=\"og:image:width\" content=\"350\" \/>\n\t<meta property=\"og:image:height\" content=\"300\" \/>\n\t<meta property=\"og:image:type\" content=\"image\/jpeg\" \/>\n<meta name=\"twitter:card\" content=\"summary_large_image\" \/>\n<meta name=\"twitter:label1\" content=\"Gesch\u00e4tzte Lesezeit\" \/>\n\t<meta name=\"twitter:data1\" content=\"4\u00a0Minuten\" \/>\n<script type=\"application\/ld+json\" class=\"yoast-schema-graph\">{\"@context\":\"https:\/\/schema.org\",\"@graph\":[{\"@type\":\"WebPage\",\"@id\":\"https:\/\/noviply.com\/de\/trainingscenter\/display-folie-training\/\",\"url\":\"https:\/\/noviply.com\/de\/trainingscenter\/display-folie-training\/\",\"name\":\"Display Folie Training | Noviply\",\"isPartOf\":{\"@id\":\"https:\/\/noviply.com\/de\/#website\"},\"primaryImageOfPage\":{\"@id\":\"https:\/\/noviply.com\/de\/trainingscenter\/display-folie-training\/#primaryimage\"},\"image\":{\"@id\":\"https:\/\/noviply.com\/de\/trainingscenter\/display-folie-training\/#primaryimage\"},\"thumbnailUrl\":\"https:\/\/noviply.com\/wp-content\/uploads\/2026\/03\/display-refurbishing-step-1-300x257.jpg\",\"datePublished\":\"2026-03-15T11:39:59+00:00\",\"dateModified\":\"2026-03-15T13:17:47+00:00\",\"breadcrumb\":{\"@id\":\"https:\/\/noviply.com\/de\/trainingscenter\/display-folie-training\/#breadcrumb\"},\"inLanguage\":\"de\",\"potentialAction\":[{\"@type\":\"ReadAction\",\"target\":[\"https:\/\/noviply.com\/de\/trainingscenter\/display-folie-training\/\"]}]},{\"@type\":\"ImageObject\",\"inLanguage\":\"de\",\"@id\":\"https:\/\/noviply.com\/de\/trainingscenter\/display-folie-training\/#primaryimage\",\"url\":\"https:\/\/noviply.com\/wp-content\/uploads\/2026\/03\/display-refurbishing-step-1-300x257.jpg\",\"contentUrl\":\"https:\/\/noviply.com\/wp-content\/uploads\/2026\/03\/display-refurbishing-step-1-300x257.jpg\"},{\"@type\":\"BreadcrumbList\",\"@id\":\"https:\/\/noviply.com\/de\/trainingscenter\/display-folie-training\/#breadcrumb\",\"itemListElement\":[{\"@type\":\"ListItem\",\"position\":1,\"name\":\"Home\",\"item\":\"https:\/\/noviply.com\/de\/\"},{\"@type\":\"ListItem\",\"position\":2,\"name\":\"Trainingscenter\",\"item\":\"https:\/\/noviply.com\/de\/skill-center\/\"},{\"@type\":\"ListItem\",\"position\":3,\"name\":\"Display Folie Training\"}]},{\"@type\":\"WebSite\",\"@id\":\"https:\/\/noviply.com\/de\/#website\",\"url\":\"https:\/\/noviply.com\/de\/\",\"name\":\"Noviply\u00ae\",\"description\":\"REFURBISHING APPLICATIONS\",\"publisher\":{\"@id\":\"https:\/\/noviply.com\/de\/#organization\"},\"potentialAction\":[{\"@type\":\"SearchAction\",\"target\":{\"@type\":\"EntryPoint\",\"urlTemplate\":\"https:\/\/noviply.com\/de\/?s={search_term_string}\"},\"query-input\":{\"@type\":\"PropertyValueSpecification\",\"valueRequired\":true,\"valueName\":\"search_term_string\"}}],\"inLanguage\":\"de\"},{\"@type\":\"Organization\",\"@id\":\"https:\/\/noviply.com\/de\/#organization\",\"name\":\"Noviply\u00ae\",\"url\":\"https:\/\/noviply.com\/de\/\",\"logo\":{\"@type\":\"ImageObject\",\"inLanguage\":\"de\",\"@id\":\"https:\/\/noviply.com\/de\/#\/schema\/logo\/image\/\",\"url\":\"https:\/\/noviply.com\/wp-content\/uploads\/2025\/11\/logo-noviply-q.svg\",\"contentUrl\":\"https:\/\/noviply.com\/wp-content\/uploads\/2025\/11\/logo-noviply-q.svg\",\"width\":400,\"height\":400,\"caption\":\"Noviply\u00ae\"},\"image\":{\"@id\":\"https:\/\/noviply.com\/de\/#\/schema\/logo\/image\/\"},\"sameAs\":[\"https:\/\/www.linkedin.com\/company\/noviply\"]}]}<\/script>\n<!-- \/ Yoast SEO plugin. -->","yoast_head_json":{"title":"Display Folie Training | Noviply","robots":{"index":"noindex","follow":"follow"},"og_locale":"de_DE","og_type":"article","og_title":"Display Folie Training | Noviply","og_description":"[vc_row][vc_column][vc_column_text css=&#8220;&#8220; css_params=&#8220;&#8220;] Display Folien-Training Anleitung zum Anbringen unserer Display Refurbishing-Folie [\/vc_column_text][vc_column_text css=&#8220;&#8220; css_params=&#8220;&#8220;]Hinweis Kurz nach dem Aufbringen der Folie kann ein leicht milchiges oder feuchtes Erscheinungsbild entstehen. Keine Sorge \u2013 dabei handelt es sich lediglich um Restfeuchtigkeit, die mit der Zeit vollst\u00e4ndig trocknet. Sollten kleine Luftblasen zur\u00fcckbleiben, die sich nicht herausrakeln lassen, verschwinden diese [&hellip;]","og_url":"https:\/\/noviply.com\/de\/trainingscenter\/display-folie-training\/","og_site_name":"Noviply","article_modified_time":"2026-03-15T13:17:47+00:00","og_image":[{"width":350,"height":300,"url":"https:\/\/noviply.com\/wp-content\/uploads\/2026\/03\/display-refurbishing-step-1.jpg","type":"image\/jpeg"}],"twitter_card":"summary_large_image","twitter_misc":{"Gesch\u00e4tzte Lesezeit":"4\u00a0Minuten"},"schema":{"@context":"https:\/\/schema.org","@graph":[{"@type":"WebPage","@id":"https:\/\/noviply.com\/de\/trainingscenter\/display-folie-training\/","url":"https:\/\/noviply.com\/de\/trainingscenter\/display-folie-training\/","name":"Display Folie Training | Noviply","isPartOf":{"@id":"https:\/\/noviply.com\/de\/#website"},"primaryImageOfPage":{"@id":"https:\/\/noviply.com\/de\/trainingscenter\/display-folie-training\/#primaryimage"},"image":{"@id":"https:\/\/noviply.com\/de\/trainingscenter\/display-folie-training\/#primaryimage"},"thumbnailUrl":"https:\/\/noviply.com\/wp-content\/uploads\/2026\/03\/display-refurbishing-step-1-300x257.jpg","datePublished":"2026-03-15T11:39:59+00:00","dateModified":"2026-03-15T13:17:47+00:00","breadcrumb":{"@id":"https:\/\/noviply.com\/de\/trainingscenter\/display-folie-training\/#breadcrumb"},"inLanguage":"de","potentialAction":[{"@type":"ReadAction","target":["https:\/\/noviply.com\/de\/trainingscenter\/display-folie-training\/"]}]},{"@type":"ImageObject","inLanguage":"de","@id":"https:\/\/noviply.com\/de\/trainingscenter\/display-folie-training\/#primaryimage","url":"https:\/\/noviply.com\/wp-content\/uploads\/2026\/03\/display-refurbishing-step-1-300x257.jpg","contentUrl":"https:\/\/noviply.com\/wp-content\/uploads\/2026\/03\/display-refurbishing-step-1-300x257.jpg"},{"@type":"BreadcrumbList","@id":"https:\/\/noviply.com\/de\/trainingscenter\/display-folie-training\/#breadcrumb","itemListElement":[{"@type":"ListItem","position":1,"name":"Home","item":"https:\/\/noviply.com\/de\/"},{"@type":"ListItem","position":2,"name":"Trainingscenter","item":"https:\/\/noviply.com\/de\/skill-center\/"},{"@type":"ListItem","position":3,"name":"Display Folie Training"}]},{"@type":"WebSite","@id":"https:\/\/noviply.com\/de\/#website","url":"https:\/\/noviply.com\/de\/","name":"Noviply\u00ae","description":"REFURBISHING APPLICATIONS","publisher":{"@id":"https:\/\/noviply.com\/de\/#organization"},"potentialAction":[{"@type":"SearchAction","target":{"@type":"EntryPoint","urlTemplate":"https:\/\/noviply.com\/de\/?s={search_term_string}"},"query-input":{"@type":"PropertyValueSpecification","valueRequired":true,"valueName":"search_term_string"}}],"inLanguage":"de"},{"@type":"Organization","@id":"https:\/\/noviply.com\/de\/#organization","name":"Noviply\u00ae","url":"https:\/\/noviply.com\/de\/","logo":{"@type":"ImageObject","inLanguage":"de","@id":"https:\/\/noviply.com\/de\/#\/schema\/logo\/image\/","url":"https:\/\/noviply.com\/wp-content\/uploads\/2025\/11\/logo-noviply-q.svg","contentUrl":"https:\/\/noviply.com\/wp-content\/uploads\/2025\/11\/logo-noviply-q.svg","width":400,"height":400,"caption":"Noviply\u00ae"},"image":{"@id":"https:\/\/noviply.com\/de\/#\/schema\/logo\/image\/"},"sameAs":["https:\/\/www.linkedin.com\/company\/noviply"]}]}},"_links":{"self":[{"href":"https:\/\/noviply.com\/de\/wp-json\/wp\/v2\/pages\/19378","targetHints":{"allow":["GET"]}}],"collection":[{"href":"https:\/\/noviply.com\/de\/wp-json\/wp\/v2\/pages"}],"about":[{"href":"https:\/\/noviply.com\/de\/wp-json\/wp\/v2\/types\/page"}],"author":[{"embeddable":true,"href":"https:\/\/noviply.com\/de\/wp-json\/wp\/v2\/users\/3"}],"replies":[{"embeddable":true,"href":"https:\/\/noviply.com\/de\/wp-json\/wp\/v2\/comments?post=19378"}],"version-history":[{"count":2,"href":"https:\/\/noviply.com\/de\/wp-json\/wp\/v2\/pages\/19378\/revisions"}],"predecessor-version":[{"id":19380,"href":"https:\/\/noviply.com\/de\/wp-json\/wp\/v2\/pages\/19378\/revisions\/19380"}],"up":[{"embeddable":true,"href":"https:\/\/noviply.com\/de\/wp-json\/wp\/v2\/pages\/19356"}],"wp:attachment":[{"href":"https:\/\/noviply.com\/de\/wp-json\/wp\/v2\/media?parent=19378"}],"curies":[{"name":"wp","href":"https:\/\/api.w.org\/{rel}","templated":true}]}}