{"id":19386,"date":"2026-03-15T13:22:33","date_gmt":"2026-03-15T12:22:33","guid":{"rendered":"https:\/\/noviply.com\/?page_id=19386"},"modified":"2026-03-15T14:36:26","modified_gmt":"2026-03-15T13:36:26","slug":"deckelfolien-training","status":"publish","type":"page","link":"https:\/\/noviply.com\/de\/trainingscenter\/deckelfolien-training\/","title":{"rendered":"Deckelfolien Training"},"content":{"rendered":"<div class=\"wpb-content-wrapper\"><p>[vc_row][vc_column][vc_column_text css=&#8220;&#8220; css_params=&#8220;&#8220;]<\/p>\n<h1 style=\"text-align: center;\">Deckelfolien Training<\/h1>\n<p style=\"text-align: center;\">Anleitung zum Anbringen unserer Deckelfolie\/ Laptop-Cover-Folie<\/p>\n<p>[\/vc_column_text]<div class=\"porto-process wpb_custom_aa84c36a6a947f6099708744f0f74b68\"><div class=\"process-step wpb_custom_e03dc5a8a169bfdfccbaed44883810c3\"><div class=\"process-step-circle\"><strong class=\"process-step-circle-content\">1<\/strong><\/div><div class=\"process-step-content\"><h4 class=\"step-item-title\">Laptop-Cover reinigen<\/h4><div class=\"process-step-desc\">\n<table>\n<tbody>\n<tr>\n<td><img loading=\"lazy\" decoding=\"async\" class=\"wp-image-19349 size-medium alignleft\" src=\"https:\/\/noviply.com\/wp-content\/uploads\/2026\/03\/cover-refurbishing-step-1-300x257.jpg\" alt=\"Cover Film Training\" width=\"300\" height=\"257\"><\/td>\n<\/tr>\n<tr>\n<td><strong>Reinige das Laptop-Cover gr\u00fcndlich<\/strong> und achte darauf, dass keine Fussel, Staubpartikel oder R\u00fcckst\u00e4nde auf der Oberfl\u00e4che verbleiben.<\/td>\n<\/tr>\n<\/tbody>\n<\/table>\n<p><\/div><\/div><\/div><div class=\"process-step wpb_custom_e03dc5a8a169bfdfccbaed44883810c3\"><div class=\"process-step-circle\"><strong class=\"process-step-circle-content\">2<\/strong><\/div><div class=\"process-step-content\"><h4 class=\"step-item-title\">Folie vom Tr\u00e4gerpapier l\u00f6sen<\/h4><div class=\"process-step-desc\">\n<table>\n<tbody>\n<tr>\n<td><img loading=\"lazy\" decoding=\"async\" class=\"wp-image-19350 size-medium alignleft\" src=\"https:\/\/noviply.com\/wp-content\/uploads\/2026\/03\/cover-refurbishing-step-2-300x256.jpg\" alt=\"Cover Film Training\" width=\"300\" height=\"256\"><\/td>\n<\/tr>\n<tr>\n<td>L\u00f6se die f\u00fcr das jeweilige Modell zugeschnittene <strong>Coverfolie vorsichtig vom Tr\u00e4gerpapier<\/strong>, ohne die Klebefl\u00e4che zu verschmutzen.\n<\/td>\n<\/tr>\n<\/tbody>\n<\/table>\n<p><\/div><\/div><\/div><div class=\"process-step wpb_custom_e03dc5a8a169bfdfccbaed44883810c3\"><div class=\"process-step-circle\"><strong class=\"process-step-circle-content\">3<\/strong><\/div><div class=\"process-step-content\"><h4 class=\"step-item-title\">Folie vorbereiten und positionieren<\/h4><div class=\"process-step-desc\">\n<table>\n<tbody>\n<tr>\n<td><img loading=\"lazy\" decoding=\"async\" class=\"wp-image-19351 size-medium alignleft\" src=\"https:\/\/noviply.com\/wp-content\/uploads\/2026\/03\/cover-refurbishing-step-3-300x256.jpg\" alt=\"Cover Film Training\" width=\"300\" height=\"256\"><\/td>\n<\/tr>\n<tr>\n<td>Benetze die Folie vollst\u00e4ndig mit <strong>Noviply\u00ae Transferfl\u00fcssigkeit.<\/strong><\/td>\n<\/tr>\n<tr>\n<td><img loading=\"lazy\" decoding=\"async\" class=\"wp-image-19352 size-medium alignleft\" src=\"https:\/\/noviply.com\/wp-content\/uploads\/2026\/03\/cover-refurbishing-step-4-300x258.jpg\" alt=\"Cover Film Training\" width=\"300\" height=\"258\"><\/td>\n<\/tr>\n<tr>\n<td>Setze die Folie anschlie\u00dfend vorsichtig auf den Laptop und richte sie <strong>vertikal und horizontal<\/strong> aus. Beachte dabei, dass die Folie an allen Seiten minimal verkleinert ist, sodass der Abstand zu den Kanten \u00fcberall gleichm\u00e4\u00dfig sein sollte.<\/td>\n<\/tr>\n<\/tbody>\n<\/table>\n<p><\/div><\/div><\/div><div class=\"process-step wpb_custom_e03dc5a8a169bfdfccbaed44883810c3\"><div class=\"process-step-circle\"><strong class=\"process-step-circle-content\">4<\/strong><\/div><div class=\"process-step-content\"><h4 class=\"step-item-title\">Transferfl\u00fcssigkeit herausrakeln<\/h4><div class=\"process-step-desc\">&nbsp;<\/p>\n<table>\n<tbody>\n<tr>\n<td><img loading=\"lazy\" decoding=\"async\" class=\"wp-image-19353 size-medium alignleft\" src=\"https:\/\/noviply.com\/wp-content\/uploads\/2026\/03\/cover-refurbishing-step-5-300x257.jpg\" alt=\"Cover Film Training\" width=\"300\" height=\"257\"><\/td>\n<\/tr>\n<tr>\n<td>\n<p>Verwende einen Rakel mit weicher Kante (z. B. Filz, Mikrofaser oder Alcantara), um die <strong>Transferfl\u00fcssigkeit von der Mitte aus<\/strong> nach links, rechts, oben und unten herauszustreichen. Wische die austretende Fl\u00fcssigkeit an den R\u00e4ndern mit einem Tuch ab. Wiederhole diesen Vorgang so lange, bis keine Fl\u00fcssigkeit mehr an den R\u00e4ndern austritt. Beginne mit leichtem Druck und erh\u00f6he ihn anschlie\u00dfend schrittweise.<\/p>\n<p>Sei im Bereich der Logoaussparung etwas vorsichtiger, damit die Folie nicht einrei\u00dft.<\/td>\n<\/tr>\n<\/tbody>\n<\/table>\n<p><\/div><\/div><\/div><\/div>[vc_column_text css=&#8220;&#8220; css_params=&#8220;&#8220;]<strong>Hinweis<\/strong><\/p>\n<p>Du hast es eilig? Appliziere die Folie und versende das Ger\u00e4t im Sommer einfach direkt. In k\u00e4lteren Monaten kannst du einen kleinen Silica-Gel-Beutel zum Laptop legen, damit die Restfeuchtigkeit w\u00e4hrend des Transports aufgenommen wird.<\/p>\n<p>Bitte beachte, dass wir vorgef\u00e4rbte Folien verwenden. Daher werden die Farben so nah wie m\u00f6glich angeglichen, dennoch k\u00f6nnen minimale Farbabweichungen auftreten.[\/vc_column_text][\/vc_column][\/vc_row][vc_row][vc_column][vc_column_text css=&#8220;&#8220; css_params=&#8220;&#8220;]<\/p>\n<p style=\"text-align: center;\"><strong>See video below!<\/strong><\/p>\n<p>[\/vc_column_text][vc_row_inner][vc_column_inner width=&#8220;1\/4&#8243;][\/vc_column_inner][vc_column_inner width=&#8220;1\/2&#8243; css=&#8220;.vc_custom_1773575450188{background-color: #f7f7f7 !important;border-radius: 20px !important;}&#8220; css_params=&#8220;&#8220;][vc_video link=&#8220;https:\/\/youtube.com\/shorts\/MZqBvC0UZVM?feature=share&#8220; el_width=&#8220;40&#8243; el_aspect=&#8220;916&#8243; align=&#8220;center&#8220; css=&#8220;&#8220; css_params=&#8220;&#8220;][\/vc_column_inner][vc_column_inner width=&#8220;1\/4&#8243;][\/vc_column_inner][\/vc_row_inner][\/vc_column][\/vc_row][vc_row][vc_column][vc_column_text css=&#8220;&#8220; css_params=&#8220;&#8220;]<strong>Ben\u00f6tigen Sie Unterst\u00fctzung?<\/strong><\/p>\n<p>Z\u00f6gern Sie nicht, uns \u00fcber WhatsApp zu kontaktieren, um pers\u00f6nliche Unterst\u00fctzung zu erhalten![\/vc_column_text][vc_btn title=&#8220;WhatsApp-Support&#8220; align=&#8220;left&#8220; i_icon_fontawesome=&#8220;fab fa-whatsapp&#8220; add_icon=&#8220;true&#8220; link=&#8220;url:https%3A%2F%2Fwa.me%2F4942215923324&#8243; css_params=&#8220;&#8220;][\/vc_column][\/vc_row]<\/p>\n<\/div>","protected":false},"excerpt":{"rendered":"<p>[vc_row][vc_column][vc_column_text css=&#8220;&#8220; css_params=&#8220;&#8220;] Deckelfolien Training Anleitung zum Anbringen unserer Deckelfolie\/ Laptop-Cover-Folie [\/vc_column_text][vc_column_text css=&#8220;&#8220; css_params=&#8220;&#8220;]Hinweis Du hast es eilig? Appliziere die Folie und versende das Ger\u00e4t im Sommer einfach direkt. In k\u00e4lteren Monaten kannst du einen kleinen Silica-Gel-Beutel zum Laptop legen, damit die Restfeuchtigkeit w\u00e4hrend des Transports aufgenommen wird. Bitte beachte, dass wir vorgef\u00e4rbte Folien verwenden. [&hellip;]<\/p>\n","protected":false},"author":3,"featured_media":0,"parent":19356,"menu_order":0,"comment_status":"closed","ping_status":"closed","template":"","meta":{"_joinchat":[],"footnotes":""},"class_list":["post-19386","page","type-page","status-publish","hentry"],"yoast_head":"<!-- This site is optimized with the Yoast SEO plugin v27.1.1 - https:\/\/yoast.com\/product\/yoast-seo-wordpress\/ -->\n<title>Deckelfolien Training | Noviply<\/title>\n<meta name=\"robots\" content=\"noindex, follow\" \/>\n<meta property=\"og:locale\" content=\"de_DE\" \/>\n<meta property=\"og:type\" content=\"article\" \/>\n<meta property=\"og:title\" content=\"Deckelfolien Training | Noviply\" \/>\n<meta property=\"og:description\" content=\"[vc_row][vc_column][vc_column_text css=&#8220;&#8220; css_params=&#8220;&#8220;] Deckelfolien Training Anleitung zum Anbringen unserer Deckelfolie\/ Laptop-Cover-Folie [\/vc_column_text][vc_column_text css=&#8220;&#8220; css_params=&#8220;&#8220;]Hinweis Du hast es eilig? Appliziere die Folie und versende das Ger\u00e4t im Sommer einfach direkt. In k\u00e4lteren Monaten kannst du einen kleinen Silica-Gel-Beutel zum Laptop legen, damit die Restfeuchtigkeit w\u00e4hrend des Transports aufgenommen wird. Bitte beachte, dass wir vorgef\u00e4rbte Folien verwenden. [&hellip;]\" \/>\n<meta property=\"og:url\" content=\"https:\/\/noviply.com\/de\/trainingscenter\/deckelfolien-training\/\" \/>\n<meta property=\"og:site_name\" content=\"Noviply\" \/>\n<meta property=\"article:modified_time\" content=\"2026-03-15T13:36:26+00:00\" \/>\n<meta property=\"og:image\" content=\"https:\/\/noviply.com\/wp-content\/uploads\/2026\/03\/cover-refurbishing-step-1.jpg\" \/>\n\t<meta property=\"og:image:width\" content=\"350\" \/>\n\t<meta property=\"og:image:height\" content=\"300\" \/>\n\t<meta property=\"og:image:type\" content=\"image\/jpeg\" \/>\n<meta name=\"twitter:card\" content=\"summary_large_image\" \/>\n<meta name=\"twitter:label1\" content=\"Gesch\u00e4tzte Lesezeit\" \/>\n\t<meta name=\"twitter:data1\" content=\"3\u00a0Minuten\" \/>\n<script type=\"application\/ld+json\" class=\"yoast-schema-graph\">{\"@context\":\"https:\/\/schema.org\",\"@graph\":[{\"@type\":\"WebPage\",\"@id\":\"https:\/\/noviply.com\/de\/trainingscenter\/deckelfolien-training\/\",\"url\":\"https:\/\/noviply.com\/de\/trainingscenter\/deckelfolien-training\/\",\"name\":\"Deckelfolien Training | Noviply\",\"isPartOf\":{\"@id\":\"https:\/\/noviply.com\/de\/#website\"},\"primaryImageOfPage\":{\"@id\":\"https:\/\/noviply.com\/de\/trainingscenter\/deckelfolien-training\/#primaryimage\"},\"image\":{\"@id\":\"https:\/\/noviply.com\/de\/trainingscenter\/deckelfolien-training\/#primaryimage\"},\"thumbnailUrl\":\"https:\/\/noviply.com\/wp-content\/uploads\/2026\/03\/cover-refurbishing-step-1-300x257.jpg\",\"datePublished\":\"2026-03-15T12:22:33+00:00\",\"dateModified\":\"2026-03-15T13:36:26+00:00\",\"breadcrumb\":{\"@id\":\"https:\/\/noviply.com\/de\/trainingscenter\/deckelfolien-training\/#breadcrumb\"},\"inLanguage\":\"de\",\"potentialAction\":[{\"@type\":\"ReadAction\",\"target\":[\"https:\/\/noviply.com\/de\/trainingscenter\/deckelfolien-training\/\"]}]},{\"@type\":\"ImageObject\",\"inLanguage\":\"de\",\"@id\":\"https:\/\/noviply.com\/de\/trainingscenter\/deckelfolien-training\/#primaryimage\",\"url\":\"https:\/\/noviply.com\/wp-content\/uploads\/2026\/03\/cover-refurbishing-step-1-300x257.jpg\",\"contentUrl\":\"https:\/\/noviply.com\/wp-content\/uploads\/2026\/03\/cover-refurbishing-step-1-300x257.jpg\"},{\"@type\":\"BreadcrumbList\",\"@id\":\"https:\/\/noviply.com\/de\/trainingscenter\/deckelfolien-training\/#breadcrumb\",\"itemListElement\":[{\"@type\":\"ListItem\",\"position\":1,\"name\":\"Home\",\"item\":\"https:\/\/noviply.com\/de\/\"},{\"@type\":\"ListItem\",\"position\":2,\"name\":\"Trainingscenter\",\"item\":\"https:\/\/noviply.com\/de\/skill-center\/\"},{\"@type\":\"ListItem\",\"position\":3,\"name\":\"Deckelfolien Training\"}]},{\"@type\":\"WebSite\",\"@id\":\"https:\/\/noviply.com\/de\/#website\",\"url\":\"https:\/\/noviply.com\/de\/\",\"name\":\"Noviply\u00ae\",\"description\":\"REFURBISHING APPLICATIONS\",\"publisher\":{\"@id\":\"https:\/\/noviply.com\/de\/#organization\"},\"potentialAction\":[{\"@type\":\"SearchAction\",\"target\":{\"@type\":\"EntryPoint\",\"urlTemplate\":\"https:\/\/noviply.com\/de\/?s={search_term_string}\"},\"query-input\":{\"@type\":\"PropertyValueSpecification\",\"valueRequired\":true,\"valueName\":\"search_term_string\"}}],\"inLanguage\":\"de\"},{\"@type\":\"Organization\",\"@id\":\"https:\/\/noviply.com\/de\/#organization\",\"name\":\"Noviply\u00ae\",\"url\":\"https:\/\/noviply.com\/de\/\",\"logo\":{\"@type\":\"ImageObject\",\"inLanguage\":\"de\",\"@id\":\"https:\/\/noviply.com\/de\/#\/schema\/logo\/image\/\",\"url\":\"https:\/\/noviply.com\/wp-content\/uploads\/2025\/11\/logo-noviply-q.svg\",\"contentUrl\":\"https:\/\/noviply.com\/wp-content\/uploads\/2025\/11\/logo-noviply-q.svg\",\"width\":400,\"height\":400,\"caption\":\"Noviply\u00ae\"},\"image\":{\"@id\":\"https:\/\/noviply.com\/de\/#\/schema\/logo\/image\/\"},\"sameAs\":[\"https:\/\/www.linkedin.com\/company\/noviply\"]}]}<\/script>\n<!-- \/ Yoast SEO plugin. -->","yoast_head_json":{"title":"Deckelfolien Training | Noviply","robots":{"index":"noindex","follow":"follow"},"og_locale":"de_DE","og_type":"article","og_title":"Deckelfolien Training | Noviply","og_description":"[vc_row][vc_column][vc_column_text css=&#8220;&#8220; css_params=&#8220;&#8220;] Deckelfolien Training Anleitung zum Anbringen unserer Deckelfolie\/ Laptop-Cover-Folie [\/vc_column_text][vc_column_text css=&#8220;&#8220; css_params=&#8220;&#8220;]Hinweis Du hast es eilig? Appliziere die Folie und versende das Ger\u00e4t im Sommer einfach direkt. In k\u00e4lteren Monaten kannst du einen kleinen Silica-Gel-Beutel zum Laptop legen, damit die Restfeuchtigkeit w\u00e4hrend des Transports aufgenommen wird. Bitte beachte, dass wir vorgef\u00e4rbte Folien verwenden. [&hellip;]","og_url":"https:\/\/noviply.com\/de\/trainingscenter\/deckelfolien-training\/","og_site_name":"Noviply","article_modified_time":"2026-03-15T13:36:26+00:00","og_image":[{"width":350,"height":300,"url":"https:\/\/noviply.com\/wp-content\/uploads\/2026\/03\/cover-refurbishing-step-1.jpg","type":"image\/jpeg"}],"twitter_card":"summary_large_image","twitter_misc":{"Gesch\u00e4tzte Lesezeit":"3\u00a0Minuten"},"schema":{"@context":"https:\/\/schema.org","@graph":[{"@type":"WebPage","@id":"https:\/\/noviply.com\/de\/trainingscenter\/deckelfolien-training\/","url":"https:\/\/noviply.com\/de\/trainingscenter\/deckelfolien-training\/","name":"Deckelfolien Training | Noviply","isPartOf":{"@id":"https:\/\/noviply.com\/de\/#website"},"primaryImageOfPage":{"@id":"https:\/\/noviply.com\/de\/trainingscenter\/deckelfolien-training\/#primaryimage"},"image":{"@id":"https:\/\/noviply.com\/de\/trainingscenter\/deckelfolien-training\/#primaryimage"},"thumbnailUrl":"https:\/\/noviply.com\/wp-content\/uploads\/2026\/03\/cover-refurbishing-step-1-300x257.jpg","datePublished":"2026-03-15T12:22:33+00:00","dateModified":"2026-03-15T13:36:26+00:00","breadcrumb":{"@id":"https:\/\/noviply.com\/de\/trainingscenter\/deckelfolien-training\/#breadcrumb"},"inLanguage":"de","potentialAction":[{"@type":"ReadAction","target":["https:\/\/noviply.com\/de\/trainingscenter\/deckelfolien-training\/"]}]},{"@type":"ImageObject","inLanguage":"de","@id":"https:\/\/noviply.com\/de\/trainingscenter\/deckelfolien-training\/#primaryimage","url":"https:\/\/noviply.com\/wp-content\/uploads\/2026\/03\/cover-refurbishing-step-1-300x257.jpg","contentUrl":"https:\/\/noviply.com\/wp-content\/uploads\/2026\/03\/cover-refurbishing-step-1-300x257.jpg"},{"@type":"BreadcrumbList","@id":"https:\/\/noviply.com\/de\/trainingscenter\/deckelfolien-training\/#breadcrumb","itemListElement":[{"@type":"ListItem","position":1,"name":"Home","item":"https:\/\/noviply.com\/de\/"},{"@type":"ListItem","position":2,"name":"Trainingscenter","item":"https:\/\/noviply.com\/de\/skill-center\/"},{"@type":"ListItem","position":3,"name":"Deckelfolien Training"}]},{"@type":"WebSite","@id":"https:\/\/noviply.com\/de\/#website","url":"https:\/\/noviply.com\/de\/","name":"Noviply\u00ae","description":"REFURBISHING APPLICATIONS","publisher":{"@id":"https:\/\/noviply.com\/de\/#organization"},"potentialAction":[{"@type":"SearchAction","target":{"@type":"EntryPoint","urlTemplate":"https:\/\/noviply.com\/de\/?s={search_term_string}"},"query-input":{"@type":"PropertyValueSpecification","valueRequired":true,"valueName":"search_term_string"}}],"inLanguage":"de"},{"@type":"Organization","@id":"https:\/\/noviply.com\/de\/#organization","name":"Noviply\u00ae","url":"https:\/\/noviply.com\/de\/","logo":{"@type":"ImageObject","inLanguage":"de","@id":"https:\/\/noviply.com\/de\/#\/schema\/logo\/image\/","url":"https:\/\/noviply.com\/wp-content\/uploads\/2025\/11\/logo-noviply-q.svg","contentUrl":"https:\/\/noviply.com\/wp-content\/uploads\/2025\/11\/logo-noviply-q.svg","width":400,"height":400,"caption":"Noviply\u00ae"},"image":{"@id":"https:\/\/noviply.com\/de\/#\/schema\/logo\/image\/"},"sameAs":["https:\/\/www.linkedin.com\/company\/noviply"]}]}},"_links":{"self":[{"href":"https:\/\/noviply.com\/de\/wp-json\/wp\/v2\/pages\/19386","targetHints":{"allow":["GET"]}}],"collection":[{"href":"https:\/\/noviply.com\/de\/wp-json\/wp\/v2\/pages"}],"about":[{"href":"https:\/\/noviply.com\/de\/wp-json\/wp\/v2\/types\/page"}],"author":[{"embeddable":true,"href":"https:\/\/noviply.com\/de\/wp-json\/wp\/v2\/users\/3"}],"replies":[{"embeddable":true,"href":"https:\/\/noviply.com\/de\/wp-json\/wp\/v2\/comments?post=19386"}],"version-history":[{"count":2,"href":"https:\/\/noviply.com\/de\/wp-json\/wp\/v2\/pages\/19386\/revisions"}],"predecessor-version":[{"id":19389,"href":"https:\/\/noviply.com\/de\/wp-json\/wp\/v2\/pages\/19386\/revisions\/19389"}],"up":[{"embeddable":true,"href":"https:\/\/noviply.com\/de\/wp-json\/wp\/v2\/pages\/19356"}],"wp:attachment":[{"href":"https:\/\/noviply.com\/de\/wp-json\/wp\/v2\/media?parent=19386"}],"curies":[{"name":"wp","href":"https:\/\/api.w.org\/{rel}","templated":true}]}}