{"id":5176,"date":"2023-06-06T16:23:29","date_gmt":"2023-06-06T14:23:29","guid":{"rendered":"https:\/\/noviply.com\/?page_id=5176"},"modified":"2025-09-25T10:56:01","modified_gmt":"2025-09-25T08:56:01","slug":"impressum","status":"publish","type":"page","link":"https:\/\/noviply.com\/de\/impressum\/","title":{"rendered":"Impressum"},"content":{"rendered":"<div class=\"wpb-content-wrapper\"><p>[vc_row css=&#8220;.vc_custom_1686122091315{padding-top: 3% !important;padding-right: 3% !important;padding-bottom: 3% !important;padding-left: 3% !important;}&#8220; conditional_render=&#8220;%5B%7B%22value_role%22%3A%22administrator%22%7D%5D&#8220;][vc_column][vc_column_text css=&#8220;&#8220; css_params=&#8220;&#8220;]<\/p>\n<h1>Impressum<\/h1>\n<p>Noviply GmbH<br \/>\nSyker Stra\u00dfe 263<br \/>\n27751 Delmenhorst<\/p>\n<p><strong>Vertreten durch:<\/strong><br \/>\nBenjamin Sen, Michael Sen, Matthias K\u00fcc\u00fckkaplan<\/p>\n<h2>Kontakt<\/h2>\n<p>Telefon: 04221 5923324<br \/>\nE-Mail: info@noviply.com<\/p>\n<h2>Umsatzsteuer-ID<\/h2>\n<p>Umsatzsteuer-Identifikationsnummer gem\u00e4\u00df \u00a7 27 a Umsatzsteuergesetz:<br \/>\n<span data-teams=\"true\">DE452383941<\/span><\/p>\n<h2>Verbraucher\u00adstreit\u00adbeilegung\/Universal\u00adschlichtungs\u00adstelle<\/h2>\n<p>Wir sind nicht bereit oder verpflichtet, an Streitbeilegungsverfahren vor einer Verbraucherschlichtungsstelle teilzunehmen.[\/vc_column_text][\/vc_column][\/vc_row]<\/p>\n<\/div>","protected":false},"excerpt":{"rendered":"<p>[vc_row css=&#8220;.vc_custom_1686122091315{padding-top: 3% !important;padding-right: 3% !important;padding-bottom: 3% !important;padding-left: 3% !important;}&#8220; conditional_render=&#8220;%5B%7B%22value_role%22%3A%22administrator%22%7D%5D&#8220;][vc_column][vc_column_text css=&#8220;&#8220; css_params=&#8220;&#8220;] Impressum Noviply GmbH Syker Stra\u00dfe 263 27751 Delmenhorst Vertreten durch: Benjamin Sen, Michael Sen, Matthias K\u00fcc\u00fckkaplan Kontakt Telefon: 04221 5923324 E-Mail: info@noviply.com Umsatzsteuer-ID Umsatzsteuer-Identifikationsnummer gem\u00e4\u00df \u00a7 27 a Umsatzsteuergesetz: DE452383941 Verbraucher\u00adstreit\u00adbeilegung\/Universal\u00adschlichtungs\u00adstelle Wir sind nicht bereit oder verpflichtet, an Streitbeilegungsverfahren vor einer Verbraucherschlichtungsstelle [&hellip;]<\/p>\n","protected":false},"author":3,"featured_media":0,"parent":0,"menu_order":0,"comment_status":"closed","ping_status":"closed","template":"","meta":{"_joinchat":[],"footnotes":""},"class_list":["post-5176","page","type-page","status-publish","hentry"],"yoast_head":"<!-- This site is optimized with the Yoast SEO plugin v27.4 - https:\/\/yoast.com\/product\/yoast-seo-wordpress\/ -->\n<title>Impressum | Noviply<\/title>\n<meta name=\"robots\" content=\"noindex, nofollow\" \/>\n<meta property=\"og:locale\" content=\"de_DE\" \/>\n<meta property=\"og:type\" content=\"article\" \/>\n<meta property=\"og:title\" content=\"Impressum | Noviply\" \/>\n<meta property=\"og:description\" content=\"[vc_row css=&#8220;.vc_custom_1686122091315{padding-top: 3% !important;padding-right: 3% !important;padding-bottom: 3% !important;padding-left: 3% !important;}&#8220; conditional_render=&#8220;%5B%7B%22value_role%22%3A%22administrator%22%7D%5D&#8220;][vc_column][vc_column_text css=&#8220;&#8220; css_params=&#8220;&#8220;] Impressum Noviply GmbH Syker Stra\u00dfe 263 27751 Delmenhorst Vertreten durch: Benjamin Sen, Michael Sen, Matthias K\u00fcc\u00fckkaplan Kontakt Telefon: 04221 5923324 E-Mail: info@noviply.com Umsatzsteuer-ID Umsatzsteuer-Identifikationsnummer gem\u00e4\u00df \u00a7 27 a Umsatzsteuergesetz: DE452383941 Verbraucher\u00adstreit\u00adbeilegung\/Universal\u00adschlichtungs\u00adstelle Wir sind nicht bereit oder verpflichtet, an Streitbeilegungsverfahren vor einer Verbraucherschlichtungsstelle [&hellip;]\" \/>\n<meta property=\"og:url\" content=\"https:\/\/noviply.com\/de\/impressum\/\" \/>\n<meta property=\"og:site_name\" content=\"Noviply\" \/>\n<meta property=\"article:modified_time\" content=\"2025-09-25T08:56:01+00:00\" \/>\n<meta name=\"twitter:card\" content=\"summary_large_image\" \/>\n<meta name=\"twitter:label1\" content=\"Gesch\u00e4tzte Lesezeit\" \/>\n\t<meta name=\"twitter:data1\" content=\"1\u00a0Minute\" \/>\n<script type=\"application\/ld+json\" class=\"yoast-schema-graph\">{\"@context\":\"https:\\\/\\\/schema.org\",\"@graph\":[{\"@type\":\"WebPage\",\"@id\":\"https:\\\/\\\/noviply.com\\\/de\\\/impressum\\\/\",\"url\":\"https:\\\/\\\/noviply.com\\\/de\\\/impressum\\\/\",\"name\":\"Impressum | Noviply\",\"isPartOf\":{\"@id\":\"https:\\\/\\\/noviply.com\\\/de\\\/#website\"},\"datePublished\":\"2023-06-06T14:23:29+00:00\",\"dateModified\":\"2025-09-25T08:56:01+00:00\",\"breadcrumb\":{\"@id\":\"https:\\\/\\\/noviply.com\\\/de\\\/impressum\\\/#breadcrumb\"},\"inLanguage\":\"de\",\"potentialAction\":[{\"@type\":\"ReadAction\",\"target\":[\"https:\\\/\\\/noviply.com\\\/de\\\/impressum\\\/\"]}]},{\"@type\":\"BreadcrumbList\",\"@id\":\"https:\\\/\\\/noviply.com\\\/de\\\/impressum\\\/#breadcrumb\",\"itemListElement\":[{\"@type\":\"ListItem\",\"position\":1,\"name\":\"Home\",\"item\":\"https:\\\/\\\/noviply.com\\\/de\\\/\"},{\"@type\":\"ListItem\",\"position\":2,\"name\":\"Impressum\"}]},{\"@type\":\"WebSite\",\"@id\":\"https:\\\/\\\/noviply.com\\\/de\\\/#website\",\"url\":\"https:\\\/\\\/noviply.com\\\/de\\\/\",\"name\":\"Noviply\u00ae\",\"description\":\"REFURBISHING APPLICATIONS\",\"publisher\":{\"@id\":\"https:\\\/\\\/noviply.com\\\/de\\\/#organization\"},\"potentialAction\":[{\"@type\":\"SearchAction\",\"target\":{\"@type\":\"EntryPoint\",\"urlTemplate\":\"https:\\\/\\\/noviply.com\\\/de\\\/?s={search_term_string}\"},\"query-input\":{\"@type\":\"PropertyValueSpecification\",\"valueRequired\":true,\"valueName\":\"search_term_string\"}}],\"inLanguage\":\"de\"},{\"@type\":\"Organization\",\"@id\":\"https:\\\/\\\/noviply.com\\\/de\\\/#organization\",\"name\":\"Noviply\u00ae\",\"url\":\"https:\\\/\\\/noviply.com\\\/de\\\/\",\"logo\":{\"@type\":\"ImageObject\",\"inLanguage\":\"de\",\"@id\":\"https:\\\/\\\/noviply.com\\\/de\\\/#\\\/schema\\\/logo\\\/image\\\/\",\"url\":\"https:\\\/\\\/noviply.com\\\/wp-content\\\/uploads\\\/2025\\\/11\\\/logo-noviply-q.svg\",\"contentUrl\":\"https:\\\/\\\/noviply.com\\\/wp-content\\\/uploads\\\/2025\\\/11\\\/logo-noviply-q.svg\",\"width\":400,\"height\":400,\"caption\":\"Noviply\u00ae\"},\"image\":{\"@id\":\"https:\\\/\\\/noviply.com\\\/de\\\/#\\\/schema\\\/logo\\\/image\\\/\"},\"sameAs\":[\"https:\\\/\\\/www.linkedin.com\\\/company\\\/noviply\"]}]}<\/script>\n<!-- \/ Yoast SEO plugin. -->","yoast_head_json":{"title":"Impressum | Noviply","robots":{"index":"noindex","follow":"nofollow"},"og_locale":"de_DE","og_type":"article","og_title":"Impressum | Noviply","og_description":"[vc_row css=&#8220;.vc_custom_1686122091315{padding-top: 3% !important;padding-right: 3% !important;padding-bottom: 3% !important;padding-left: 3% !important;}&#8220; conditional_render=&#8220;%5B%7B%22value_role%22%3A%22administrator%22%7D%5D&#8220;][vc_column][vc_column_text css=&#8220;&#8220; css_params=&#8220;&#8220;] Impressum Noviply GmbH Syker Stra\u00dfe 263 27751 Delmenhorst Vertreten durch: Benjamin Sen, Michael Sen, Matthias K\u00fcc\u00fckkaplan Kontakt Telefon: 04221 5923324 E-Mail: info@noviply.com Umsatzsteuer-ID Umsatzsteuer-Identifikationsnummer gem\u00e4\u00df \u00a7 27 a Umsatzsteuergesetz: DE452383941 Verbraucher\u00adstreit\u00adbeilegung\/Universal\u00adschlichtungs\u00adstelle Wir sind nicht bereit oder verpflichtet, an Streitbeilegungsverfahren vor einer Verbraucherschlichtungsstelle [&hellip;]","og_url":"https:\/\/noviply.com\/de\/impressum\/","og_site_name":"Noviply","article_modified_time":"2025-09-25T08:56:01+00:00","twitter_card":"summary_large_image","twitter_misc":{"Gesch\u00e4tzte Lesezeit":"1\u00a0Minute"},"schema":{"@context":"https:\/\/schema.org","@graph":[{"@type":"WebPage","@id":"https:\/\/noviply.com\/de\/impressum\/","url":"https:\/\/noviply.com\/de\/impressum\/","name":"Impressum | Noviply","isPartOf":{"@id":"https:\/\/noviply.com\/de\/#website"},"datePublished":"2023-06-06T14:23:29+00:00","dateModified":"2025-09-25T08:56:01+00:00","breadcrumb":{"@id":"https:\/\/noviply.com\/de\/impressum\/#breadcrumb"},"inLanguage":"de","potentialAction":[{"@type":"ReadAction","target":["https:\/\/noviply.com\/de\/impressum\/"]}]},{"@type":"BreadcrumbList","@id":"https:\/\/noviply.com\/de\/impressum\/#breadcrumb","itemListElement":[{"@type":"ListItem","position":1,"name":"Home","item":"https:\/\/noviply.com\/de\/"},{"@type":"ListItem","position":2,"name":"Impressum"}]},{"@type":"WebSite","@id":"https:\/\/noviply.com\/de\/#website","url":"https:\/\/noviply.com\/de\/","name":"Noviply\u00ae","description":"REFURBISHING APPLICATIONS","publisher":{"@id":"https:\/\/noviply.com\/de\/#organization"},"potentialAction":[{"@type":"SearchAction","target":{"@type":"EntryPoint","urlTemplate":"https:\/\/noviply.com\/de\/?s={search_term_string}"},"query-input":{"@type":"PropertyValueSpecification","valueRequired":true,"valueName":"search_term_string"}}],"inLanguage":"de"},{"@type":"Organization","@id":"https:\/\/noviply.com\/de\/#organization","name":"Noviply\u00ae","url":"https:\/\/noviply.com\/de\/","logo":{"@type":"ImageObject","inLanguage":"de","@id":"https:\/\/noviply.com\/de\/#\/schema\/logo\/image\/","url":"https:\/\/noviply.com\/wp-content\/uploads\/2025\/11\/logo-noviply-q.svg","contentUrl":"https:\/\/noviply.com\/wp-content\/uploads\/2025\/11\/logo-noviply-q.svg","width":400,"height":400,"caption":"Noviply\u00ae"},"image":{"@id":"https:\/\/noviply.com\/de\/#\/schema\/logo\/image\/"},"sameAs":["https:\/\/www.linkedin.com\/company\/noviply"]}]}},"_links":{"self":[{"href":"https:\/\/noviply.com\/de\/wp-json\/wp\/v2\/pages\/5176","targetHints":{"allow":["GET"]}}],"collection":[{"href":"https:\/\/noviply.com\/de\/wp-json\/wp\/v2\/pages"}],"about":[{"href":"https:\/\/noviply.com\/de\/wp-json\/wp\/v2\/types\/page"}],"author":[{"embeddable":true,"href":"https:\/\/noviply.com\/de\/wp-json\/wp\/v2\/users\/3"}],"replies":[{"embeddable":true,"href":"https:\/\/noviply.com\/de\/wp-json\/wp\/v2\/comments?post=5176"}],"version-history":[{"count":4,"href":"https:\/\/noviply.com\/de\/wp-json\/wp\/v2\/pages\/5176\/revisions"}],"predecessor-version":[{"id":17642,"href":"https:\/\/noviply.com\/de\/wp-json\/wp\/v2\/pages\/5176\/revisions\/17642"}],"wp:attachment":[{"href":"https:\/\/noviply.com\/de\/wp-json\/wp\/v2\/media?parent=5176"}],"curies":[{"name":"wp","href":"https:\/\/api.w.org\/{rel}","templated":true}]}}