{"id":6083,"date":"2024-08-14T11:18:22","date_gmt":"2024-08-14T09:18:22","guid":{"rendered":"https:\/\/noviply.com\/?page_id=6083"},"modified":"2025-08-11T15:44:58","modified_gmt":"2025-08-11T13:44:58","slug":"agb","status":"publish","type":"page","link":"https:\/\/noviply.com\/de\/agb\/","title":{"rendered":"AGB"},"content":{"rendered":"<div class=\"wpb-content-wrapper\"><p>[vc_row css=&#8220;.vc_custom_1723627070730{padding-top: 3% !important;padding-right: 3% !important;padding-bottom: 3% !important;padding-left: 3% !important;}&#8220; conditional_render=&#8220;%5B%7B%22value_role%22%3A%22administrator%22%7D%5D&#8220;][vc_column][vc_column_text css=&#8220;&#8220; css_params=&#8220;&#8220;]<\/p>\n<h1>Allgemeine Gesch\u00e4ftsbedingungen und Kundeninformationen<\/h1>\n<p><span style=\"font-size: 16px;\"><strong>I. Allgemeine Gesch\u00e4ftsbedingungen<\/strong><\/span><\/p>\n<p><strong><span style=\"font-size: medium;\">\u00a7 1 Grundlegende Bestimmungen<\/span><\/strong><\/p>\n<p><span style=\"font-size: 14px;\"><strong>(1)<\/strong> \u00a0Die nachstehenden Gesch\u00e4ftsbedingungen gelten f\u00fcr Vertr\u00e4ge, die Sie mit uns als Anbieter (Benjamin Sen<span style=\"font-size: 14px;\">) <\/span>\u00fcber die Internetseite\u00a0<\/span><span style=\"font-size: 14px;\">https:\/\/noviply.com\/ <\/span><span style=\"font-size: 14px;\">schlie\u00dfen, soweit nicht schriftlich zwischen den Parteien eine Ab\u00e4nderung vereinbart wird. Abweichende oder entgegenstehende Gesch\u00e4ftsbedingungen sind nur mit unserer ausdr\u00fccklichen Zustimmung wirksam.<\/span><\/p>\n<p><span style=\"font-size: 14px;\"><strong>(2)<\/strong> Wir bieten unsere Produkte nur zum Kauf an, soweit Sie eine nat\u00fcrliche oder juristische Person oder eine rechtsf\u00e4hige Personengesellschaft sind, die bei Abschluss des Rechtsgesch\u00e4fts in Aus\u00fcbung ihrer gewerblichen oder selbst\u00e4ndigen beruflichen T\u00e4tigkeit handelt (Unternehmer). Ein Vertragsabschluss mit Verbrauchern ist ausgeschlossen.<\/span><\/p>\n<p><strong><span style=\"font-size: medium;\">\u00a7 2 Zustandekommen des Vertrages<\/span><\/strong><\/p>\n<p><span style=\"font-size: 14px;\"><strong><span style=\"font-size: 14px;\">(1) <\/span><\/strong>Gegenstand des Vertrages ist der Verkauf von Waren<\/span><span style=\"font-size: 14px;\">.\u00a0<\/span><span style=\"font-size: 14px;\">Die wesentlichen Merkmale der Ware<\/span><span style=\"font-size: 14px;\">\u00a0finden sich im jeweiligen Angebot.<\/span><\/p>\n<p><span style=\"font-size: 14px;\"><strong>(2)<\/strong>\u00a0Bereits mit dem Einstellen des jeweiligen Produkts<\/span>\u00a0<span style=\"font-size: 14px;\">auf unserer Internetseite unterbreiten wir Ihnen ein verbindliches Angebot zum Abschluss eines Vertrages \u00fcber das Online-Warenkorbsystem zu den im jeweiligen Angebot angegebenen Bedingungen.\u00a0<\/span><\/p>\n<p><strong style=\"font-size: 14px;\">(3)<\/strong><span style=\"font-size: 14px;\">\u00a0Der Vertrag kommt \u00fcber das Online-Warenkorbsystem wie folgt zustande:<\/span><br style=\"font-size: 14px;\" \/><span style=\"font-size: 14px;\">Die zum Kauf beabsichtigten Waren<\/span><span style=\"font-size: 14px;\">\u00a0<\/span><span style=\"font-size: 14px;\">werden im &#8222;Warenkorb&#8220; abgelegt. \u00dcber die entsprechende Schaltfl\u00e4che in der Navigationsleiste k\u00f6nnen Sie den &#8222;Warenkorb&#8220; aufrufen und dort jederzeit \u00c4nderungen vornehmen.<\/span><br style=\"font-size: 14px;\" \/><span style=\"font-size: 14px;\">Nach Anklicken der Schaltfl\u00e4che &#8222;Kasse&#8220; oder &#8222;Weiter zur Bestellung&#8220; (oder \u00e4hnliche Bezeichnung)\u00a0<\/span><span style=\"font-size: 14px;\">und der Eingabe der pers\u00f6nlichen Daten sowie der Zahlungs- und Versandbedingungen werden Ihnen abschlie\u00dfend die Bestelldaten als Bestell\u00fcbersicht angezeigt.\u00a0<\/span><\/p>\n<p><span style=\"font-size: 14px;\">Soweit Sie als Zahlungsart ein Sofortzahl-System\u00a0<\/span><span style=\"font-size: 14px;\">(z.B.\u00a0PayPal (Express\/Plus\/Checkout), Amazon Pay, Sofort, giropay)\u00a0<\/span><span style=\"font-size: 14px;\">nutzen, werden Sie entweder auf die Bestell\u00fcbersichtsseite\u00a0<\/span><span style=\"font-size: 14px;\">in unserem Online-Shop\u00a0<\/span><span style=\"font-size: 14px;\">gef\u00fchrt oder auf die Internetseite des Anbieters des Sofortzahl-Systems weitergeleitet.<\/span><br style=\"font-size: 14px;\" \/><span style=\"font-size: 14px;\">Erfolgt eine Weiterleitung zu dem jeweiligen Sofortzahl-System, nehmen Sie dort die entsprechende Auswahl bzw. Eingabe Ihrer Daten vor. Abschlie\u00dfend werden Ihnen auf der Internetseite des Anbieters des Sofortzahl-Systems oder nachdem Sie zur\u00fcck in unseren Online-Shop geleitet wurden, die Bestelldaten als Bestell\u00fcbersicht angezeigt.\u00a0<\/span><\/p>\n<p><span style=\"font-size: 14px;\">Vor Absenden der Bestellung haben Sie die M\u00f6glichkeit, die Angaben in der Bestell\u00fcbersicht nochmals zu \u00fcberpr\u00fcfen, zu \u00e4ndern (auch \u00fcber die Funktion &#8222;zur\u00fcck&#8220; des Internetbrowsers) bzw. die Bestellung abzubrechen. <\/span><span style=\"font-size: 14px;\">Mit dem Absenden der Bestellung \u00fcber die entsprechende Schaltfl\u00e4che erkl\u00e4ren Sie rechtsverbindlich die Annahme des Angebotes, wodurch der Vertrag zustande kommt.<\/span><\/p>\n<p><span style=\"font-size: 14px;\"><strong>(4)<\/strong>\u00a0Sie k\u00f6nnen ferner ein verbindliches Vertragsangebot (Bestellung) telefonisch, per E-Mail, per Fax oder per Post abgeben.\u00a0<\/span><\/p>\n<div><span style=\"font-size: 14px;\">Die Annahme des Angebots (und damit der Vertragsabschluss) erfolgt bei Bestellung per Telefon sofort oder sp\u00e4testens innerhalb von 5 Tagen durch Best\u00e4tigung in Textform (z.B. E-Mail), in welcher Ihnen die Ausf\u00fchrung der Bestellung oder Auslieferung der Ware<\/span><span style=\"font-size: 14px;\">\u00a0best\u00e4tigt wird (Auftragsbest\u00e4tigung). \u00a0 \u00a0 \u00a0 \u00a0 \u00a0 \u00a0 \u00a0 \u00a0 \u00a0 \u00a0 \u00a0\u00a0<\/span><\/div>\n<div><span style=\"font-size: 14px;\">Sollten Sie innerhalb dieser Frist keine entsprechende Nachricht erhalten haben, sind Sie nicht mehr an Ihre Bestellung gebunden. Gegebenenfalls bereits erbrachte Leistungen werden in diesem Fall unverz\u00fcglich zur\u00fcckerstattet.\u00a0<\/span><\/div>\n<p><span style=\"font-size: 14px;\"><strong>(5)<\/strong> Auf Anfrage erstellen wir Ihnen ein individuelles Angebot, welches Ihnen in Textform zugesandt wird und an das wir uns 5 Tage (soweit im jeweiligen Angebot keine andere Frist ausgewiesen ist) gebunden halten. Sie nehmen das Angebot mit Best\u00e4tigung in Textform an.<\/span><\/p>\n<p><span style=\"font-size: 14px;\"><strong>(6)<\/strong> Die Abwicklung der Bestellung und \u00dcbermittlung aller im Zusammenhang mit dem Vertragsschluss erforderlichen Informationen erfolgt per E-Mail zum Teil automatisiert. Sie haben deshalb sicherzustellen, dass die von Ihnen bei uns hinterlegte E-Mail-Adresse zutreffend ist, der Empfang der E-Mails technisch sichergestellt und insbesondere nicht durch SPAM-Filter verhindert wird.<\/span><\/p>\n<p><span style=\"font-size: 16px;\"><strong>\u00a7 3 Preise, Zahlungsbedingungen und Versandkosten<\/strong><\/span><\/p>\n<p><span style=\"font-size: 14px;\"><strong>(1)<\/strong> Die in den jeweiligen Angeboten angef\u00fchrten Preise sowie die Versandkosten stellen Nettopreise dar. Sie beinhalten nicht die gesetzliche Mehrwertsteuer.<\/span><\/p>\n<p><span style=\"font-size: 14px;\"><strong>(2)<\/strong> Die anfallenden Versandkosten sind nicht im Kaufpreis enthalten, sie werden gesondert berechnet, soweit nicht die versandkostenfreie Lieferung zugesagt ist. N\u00e4here Einzelheiten finden sich unter einer entsprechend bezeichneten Schaltfl\u00e4che auf unserer Internetpr\u00e4senz oder im jeweiligen Angebot.<\/span><\/p>\n<p><span style=\"font-size: 14px;\"><strong>(3)<\/strong>\u00a0Entstandene Kosten der Geld\u00fcbermittlung\u00a0(\u00dcberweisungs- oder Wechselkursgeb\u00fchren der Kreditinstitute)\u00a0sind von Ihnen\u00a0in den F\u00e4llen zu tragen, in denen die Lieferung in einen EU-Mitgliedsstaat erfolgt, die Zahlung aber au\u00dferhalb der Europ\u00e4ischen Union veranlasst wurde.<\/span><\/p>\n<p><span style=\"font-size: 14px;\"><strong>(4)<\/strong> Sie haben die unter einer entsprechend bezeichneten Schaltfl\u00e4che auf unserer Internetpr\u00e4senz oder im jeweiligen Angebot ausgewiesenen Zahlungsm\u00f6glichkeiten. Soweit bei den einzelnen Zahlungsarten oder auf der Rechnung keine andere Zahlungsfrist angegeben ist, sind die Zahlungsanspr\u00fcche aus dem geschlossenen Vertrag sofort zur Zahlung f\u00e4llig. Der Abzug von Skonti ist nur zul\u00e4ssig, sofern im jeweiligen Angebot oder in der Rechnung ausdr\u00fccklich ausgewiesen.<\/span><\/p>\n<p><span style=\"font-size: 16px;\"><strong>\u00a7 4 Lieferbedingungen<\/strong><\/span><\/p>\n<p><span style=\"font-size: 14px;\"><strong>(1)<\/strong> Die voraussichtliche Lieferfrist ist im jeweiligen Angebot angegeben. Liefertermine und Lieferfristen sind nur verbindlich, wenn sie von uns schriftlich best\u00e4tigt wurden. Bei der Zahlart Vorkasse per \u00dcberweisung erfolgt die Versendung der Ware<\/span><span style=\"font-size: 14px;\">\u00a0<\/span><span style=\"font-size: 14px;\">erst nach Eingang des vollst\u00e4ndigen Kaufpreises<\/span><span style=\"font-size: 14px;\">\u00a0und der Versandkosten bei uns.<\/span><\/p>\n<p><span style=\"font-size: 14px;\"><strong>(2)<\/strong> Sollte ein von Ihnen bestelltes Produkt wider Erwarten trotz rechtzeitigem Abschluss eines ad\u00e4quaten Deckungsgesch\u00e4ftes aus einem von uns nicht zu vertretenden Grund nicht verf\u00fcgbar sein, werden Sie unverz\u00fcglich \u00fcber die Nichtverf\u00fcgbarkeit informiert und im Falle des R\u00fccktritts etwa bereits geleistete Zahlungen unverz\u00fcglich erstattet.<\/span><\/p>\n<p><strong>(3)<\/strong> Die Versendung erfolgt auf Ihre Gefahr. Sofern Sie es w\u00fcnschen, erfolgt der Versand mit einer entsprechenden Transportversicherung, wobei die hierdurch entstehenden Kosten von Ihnen zu \u00fcbernehmen sind.<\/p>\n<p><strong>(4)<\/strong> Teillieferungen sind zul\u00e4ssig und k\u00f6nnen von uns selbstst\u00e4ndig in Rechnung gestellt werden, sofern Sie hierdurch nicht mit Mehrkosten f\u00fcr den Versand belastet werden.<\/p>\n<p><span style=\"font-size: 16px;\"><strong>\u00a7 5 Gew\u00e4hrleistung<\/strong><\/span><\/p>\n<p><strong><span style=\"font-size: 14px;\">(1)<\/span><\/strong><span style=\"font-size: 14px;\"> Die Gew\u00e4hrleistungsfrist betr\u00e4gt ein Jahr ab Ablieferung der Ware. Die Fristverk\u00fcrzung gilt nicht:<\/span><\/p>\n<p><span style=\"font-size: 14px;\">&#8211; <\/span><span style=\"font-size: 14px;\">f\u00fcr uns zurechenbare schuldhaft verursachte Sch\u00e4den aus der Verletzung des Lebens, des K\u00f6rpers oder der Gesundheit und bei vors\u00e4tzlich oder grob fahrl\u00e4ssig verursachten sonstigen Sch\u00e4den;<\/span><br \/>\n<span style=\"font-size: 14px;\">&#8211; soweit wir den Mangel arglistig verschwiegen oder eine Garantie f\u00fcr die Beschaffenheit der Sache \u00fcbernommen haben;<\/span><br \/>\n<span style=\"font-size: 14px;\">&#8211; bei Sachen, die entsprechend ihrer \u00fcblichen Verwendungsweise f\u00fcr ein Bauwerk verwendet worden sind und dessen Mangelhaftigkeit verursacht haben;<\/span><br \/>\n<span style=\"font-size: 14px;\">&#8211; bei gesetzlichen R\u00fcckgriffsanspr\u00fcchen, die Sie im Zusammenhang mit M\u00e4ngelrechten gegen uns haben.<\/span><\/p>\n<p><strong><span style=\"font-size: 14px;\">(2) <\/span><\/strong><span style=\"font-size: 14px;\">Als Beschaffenheit der Sache gelten nur unsere eigenen Angaben und die Produktbeschreibung des Herstellers als vereinbart, nicht jedoch sonstige Werbung, \u00f6ffentliche Anpreisungen und \u00c4u\u00dferungen des Herstellers.<br \/>\n<\/span><br \/>\n<strong><span style=\"font-size: 14px;\">(3) <\/span><\/strong><span style=\"font-size: 14px;\">Bei M\u00e4ngeln leisten wir nach unserer Wahl Gew\u00e4hr durch Nachbesserung oder Nachlieferung. Schl\u00e4gt die Mangelbeseitigung fehl, k\u00f6nnen Sie nach Ihrer Wahl Minderung verlangen oder vom Vertrag zur\u00fccktreten. Die M\u00e4ngelbeseitigung gilt nach erfolglosem zweiten Versuch als fehlgeschlagen, wenn sich nicht insbesondere aus der Art der Sache oder des Mangels oder den sonstigen Umst\u00e4nden etwas anderes ergibt. Im Falle der Nachbesserung m\u00fcssen wir nicht die erh\u00f6hten Kosten tragen, die durch die Verbringung der Ware an einen anderen Ort als den Erf\u00fcllungsort entstehen, sofern die Verbringung nicht dem bestimmungsgem\u00e4\u00dfen Gebrauch der Ware entspricht.<\/span><\/p>\n<p><strong><span style=\"font-size: 16px;\">\u00a7 6 Zur\u00fcckbehaltungsrecht, Eigentumsvorbehalt<\/span><\/strong><\/p>\n<p><span style=\"font-size: 14px;\"><strong>(1)<\/strong> Ein Zur\u00fcckbehaltungsrecht k\u00f6nnen Sie nur aus\u00fcben, soweit es sich um Forderungen aus demselben Vertragsverh\u00e4ltnis handelt.<\/span><\/p>\n<p><strong>(2)<\/strong> Wir behalten uns das Eigentum an der Ware bis zum vollst\u00e4ndigen Ausgleich aller Forderungen aus der laufenden Gesch\u00e4ftsbeziehung vor. Vor \u00dcbergang des Eigentums an der Vorbehaltsware ist eine Verpf\u00e4ndung oder Sicherheits\u00fcbereignung nicht zul\u00e4ssig.<\/p>\n<p><strong>(3)<\/strong> Sie k\u00f6nnen die Ware im ordentlichen Gesch\u00e4ftsgang weiterverkaufen. F\u00fcr diesen Fall treten Sie bereits jetzt alle Forderungen in H\u00f6he des Rechnungsbetrages, die Ihnen aus dem Weiterverkauf erwachsen, an uns ab, wir nehmen die Abtretung an. Sie sind weiter zur Einziehung der Forderung erm\u00e4chtigt. Soweit Sie Ihren Zahlungsverpflichtungen nicht ordnungsgem\u00e4\u00df nachkommen, behalten wir uns allerdings vor, die Forderung selbst einzuziehen.<\/p>\n<p><strong>(4)<\/strong> Bei Verbindung und Vermischung der Vorbehaltsware erwerben wir Miteigentum an der neuen Sache im Verh\u00e4ltnis des Rechnungswertes der Vorbehaltsware zu den anderen verarbeiteten Gegenst\u00e4nden zum Zeitpunkt der Verarbeitung.<\/p>\n<p><strong>(5)<\/strong> Wir verpflichten uns, die Ihnen zustehenden Sicherheiten auf Ihr Verlangen insoweit freizugeben, als der realisierbare Wert unserer Sicherheiten die zu sichernde Forderung um mehr als 10% \u00fcbersteigt. Die Auswahl der freizugebenden Sicherheiten obliegt uns.<\/p>\n<p><strong><span style=\"font-size: 16px;\">\u00a7 7 Rechtswahl<\/span><\/strong><\/p>\n<p><span style=\"font-size: 14px;\">Es gilt deutsches Recht unter Ausschluss des UN-Kaufrechts.\u00a0<\/span><\/p>\n<hr \/>\n<p><strong><span style=\"font-size: 18px;\">II. Kundeninformationen<\/span><\/strong><\/p>\n<p><span style=\"font-size: 16px;\"><strong>1. Identit\u00e4t des Anbieters<\/strong><\/span><\/p>\n<p><span style=\"font-size: 14px;\">Noviply GmbH<br \/>\nSyker Str. 263<br \/>\n27751 Delmenhorst<br \/>\nDeutschland<br \/>\nTelefon: <span style=\"font-size: 14px;\">04221 5923324<\/span><br \/>\nE-Mail: <span style=\"font-size: 14px;\">info@noviply.com<\/span><\/span><\/p>\n<p><strong><span style=\"font-size: 16px;\">2. Informationen zum Zustandekommen des Vertrages<\/span><\/strong><\/p>\n<p><span style=\"font-size: 14px;\">Die technischen Schritte zum Vertragsschluss und der Vertragsschluss selbst<\/span><span style=\"font-size: 14px;\">, sowie die Korrekturm\u00f6glichkeiten<\/span><span style=\"font-size: 14px;\">\u00a0erfolgen nach Ma\u00dfgabe des \u00a7 2 unserer Allgemeinen Gesch\u00e4ftsbedingungen (Teil I).<\/span><\/p>\n<p><span style=\"font-size: 16px;\"><strong>3. Vertragssprache, Vertragstextspeicherung<\/strong><\/span><\/p>\n<p><span style=\"font-size: 14px;\">3.1. Vertragssprache ist deutsch.<\/span><\/p>\n<p><span style=\"font-size: 14px;\">3.2. Der vollst\u00e4ndige Vertragstext wird von uns nicht gespeichert. Vor Absenden der Bestellung<\/span><span style=\"font-size: 14px;\">\u00a0oder der Anfrage k\u00f6nnen die Vertragsdaten \u00fcber die Druckfunktion des Browsers ausgedruckt oder elektronisch gesichert werden.\u00a0<\/span><\/p>\n<p><span style=\"font-size: 14px;\">Diese AGB und Kundeninformationen wurden von den auf IT-Recht spezialisierten Juristen des H\u00e4ndlerbundes erstellt und werden permanent auf Rechtskonformit\u00e4t gepr\u00fcft. Die H\u00e4ndlerbund Management AG garantiert f\u00fcr die Rechtssicherheit der Texte und haftet im Falle von Abmahnungen. N\u00e4here Informationen dazu finden Sie unter:\u00a0<a href=\"https:\/\/www.haendlerbund.de\/de\/leistungen\/rechtssicherheit\/agb-service\" target=\"_blank\" rel=\"noopener\">https:\/\/www.haendlerbund.de\/de\/leistungen\/rechtssicherheit\/agb-service.<\/a><\/span><\/p>\n<p><span style=\"font-size: 14px;\">letzte Aktualisierung: <span style=\"font-size: 14px;\">29.11.2023<\/span><\/span>[\/vc_column_text][\/vc_column][\/vc_row]<\/p>\n<\/div>","protected":false},"excerpt":{"rendered":"<p>[vc_row css=&#8220;.vc_custom_1723627070730{padding-top: 3% !important;padding-right: 3% !important;padding-bottom: 3% !important;padding-left: 3% !important;}&#8220; conditional_render=&#8220;%5B%7B%22value_role%22%3A%22administrator%22%7D%5D&#8220;][vc_column][vc_column_text css=&#8220;&#8220; css_params=&#8220;&#8220;] Allgemeine Gesch\u00e4ftsbedingungen und Kundeninformationen I. Allgemeine Gesch\u00e4ftsbedingungen \u00a7 1 Grundlegende Bestimmungen (1) \u00a0Die nachstehenden Gesch\u00e4ftsbedingungen gelten f\u00fcr Vertr\u00e4ge, die Sie mit uns als Anbieter (Benjamin Sen) \u00fcber die Internetseite\u00a0https:\/\/noviply.com\/ schlie\u00dfen, soweit nicht schriftlich zwischen den Parteien eine Ab\u00e4nderung vereinbart wird. Abweichende oder [&hellip;]<\/p>\n","protected":false},"author":3,"featured_media":0,"parent":0,"menu_order":0,"comment_status":"closed","ping_status":"closed","template":"","meta":{"_joinchat":[],"footnotes":""},"class_list":["post-6083","page","type-page","status-publish","hentry"],"yoast_head":"<!-- This site is optimized with the Yoast SEO plugin v27.4 - https:\/\/yoast.com\/product\/yoast-seo-wordpress\/ -->\n<title>AGB | Noviply<\/title>\n<meta name=\"robots\" content=\"noindex, nofollow\" \/>\n<meta property=\"og:locale\" content=\"de_DE\" \/>\n<meta property=\"og:type\" content=\"article\" \/>\n<meta property=\"og:title\" content=\"AGB | Noviply\" \/>\n<meta property=\"og:description\" content=\"[vc_row css=&#8220;.vc_custom_1723627070730{padding-top: 3% !important;padding-right: 3% !important;padding-bottom: 3% !important;padding-left: 3% !important;}&#8220; conditional_render=&#8220;%5B%7B%22value_role%22%3A%22administrator%22%7D%5D&#8220;][vc_column][vc_column_text css=&#8220;&#8220; css_params=&#8220;&#8220;] Allgemeine Gesch\u00e4ftsbedingungen und Kundeninformationen I. Allgemeine Gesch\u00e4ftsbedingungen \u00a7 1 Grundlegende Bestimmungen (1) \u00a0Die nachstehenden Gesch\u00e4ftsbedingungen gelten f\u00fcr Vertr\u00e4ge, die Sie mit uns als Anbieter (Benjamin Sen) \u00fcber die Internetseite\u00a0https:\/\/noviply.com\/ schlie\u00dfen, soweit nicht schriftlich zwischen den Parteien eine Ab\u00e4nderung vereinbart wird. Abweichende oder [&hellip;]\" \/>\n<meta property=\"og:url\" content=\"https:\/\/noviply.com\/de\/agb\/\" \/>\n<meta property=\"og:site_name\" content=\"Noviply\" \/>\n<meta property=\"article:modified_time\" content=\"2025-08-11T13:44:58+00:00\" \/>\n<meta name=\"twitter:card\" content=\"summary_large_image\" \/>\n<meta name=\"twitter:label1\" content=\"Gesch\u00e4tzte Lesezeit\" \/>\n\t<meta name=\"twitter:data1\" content=\"8\u00a0Minuten\" \/>\n<script type=\"application\/ld+json\" class=\"yoast-schema-graph\">{\"@context\":\"https:\\\/\\\/schema.org\",\"@graph\":[{\"@type\":\"WebPage\",\"@id\":\"https:\\\/\\\/noviply.com\\\/de\\\/agb\\\/\",\"url\":\"https:\\\/\\\/noviply.com\\\/de\\\/agb\\\/\",\"name\":\"AGB | Noviply\",\"isPartOf\":{\"@id\":\"https:\\\/\\\/noviply.com\\\/de\\\/#website\"},\"datePublished\":\"2024-08-14T09:18:22+00:00\",\"dateModified\":\"2025-08-11T13:44:58+00:00\",\"breadcrumb\":{\"@id\":\"https:\\\/\\\/noviply.com\\\/de\\\/agb\\\/#breadcrumb\"},\"inLanguage\":\"de\",\"potentialAction\":[{\"@type\":\"ReadAction\",\"target\":[\"https:\\\/\\\/noviply.com\\\/de\\\/agb\\\/\"]}]},{\"@type\":\"BreadcrumbList\",\"@id\":\"https:\\\/\\\/noviply.com\\\/de\\\/agb\\\/#breadcrumb\",\"itemListElement\":[{\"@type\":\"ListItem\",\"position\":1,\"name\":\"Home\",\"item\":\"https:\\\/\\\/noviply.com\\\/de\\\/\"},{\"@type\":\"ListItem\",\"position\":2,\"name\":\"AGB\"}]},{\"@type\":\"WebSite\",\"@id\":\"https:\\\/\\\/noviply.com\\\/de\\\/#website\",\"url\":\"https:\\\/\\\/noviply.com\\\/de\\\/\",\"name\":\"Noviply\u00ae\",\"description\":\"REFURBISHING APPLICATIONS\",\"publisher\":{\"@id\":\"https:\\\/\\\/noviply.com\\\/de\\\/#organization\"},\"potentialAction\":[{\"@type\":\"SearchAction\",\"target\":{\"@type\":\"EntryPoint\",\"urlTemplate\":\"https:\\\/\\\/noviply.com\\\/de\\\/?s={search_term_string}\"},\"query-input\":{\"@type\":\"PropertyValueSpecification\",\"valueRequired\":true,\"valueName\":\"search_term_string\"}}],\"inLanguage\":\"de\"},{\"@type\":\"Organization\",\"@id\":\"https:\\\/\\\/noviply.com\\\/de\\\/#organization\",\"name\":\"Noviply\u00ae\",\"url\":\"https:\\\/\\\/noviply.com\\\/de\\\/\",\"logo\":{\"@type\":\"ImageObject\",\"inLanguage\":\"de\",\"@id\":\"https:\\\/\\\/noviply.com\\\/de\\\/#\\\/schema\\\/logo\\\/image\\\/\",\"url\":\"https:\\\/\\\/noviply.com\\\/wp-content\\\/uploads\\\/2025\\\/11\\\/logo-noviply-q.svg\",\"contentUrl\":\"https:\\\/\\\/noviply.com\\\/wp-content\\\/uploads\\\/2025\\\/11\\\/logo-noviply-q.svg\",\"width\":400,\"height\":400,\"caption\":\"Noviply\u00ae\"},\"image\":{\"@id\":\"https:\\\/\\\/noviply.com\\\/de\\\/#\\\/schema\\\/logo\\\/image\\\/\"},\"sameAs\":[\"https:\\\/\\\/www.linkedin.com\\\/company\\\/noviply\"]}]}<\/script>\n<!-- \/ Yoast SEO plugin. -->","yoast_head_json":{"title":"AGB | Noviply","robots":{"index":"noindex","follow":"nofollow"},"og_locale":"de_DE","og_type":"article","og_title":"AGB | Noviply","og_description":"[vc_row css=&#8220;.vc_custom_1723627070730{padding-top: 3% !important;padding-right: 3% !important;padding-bottom: 3% !important;padding-left: 3% !important;}&#8220; conditional_render=&#8220;%5B%7B%22value_role%22%3A%22administrator%22%7D%5D&#8220;][vc_column][vc_column_text css=&#8220;&#8220; css_params=&#8220;&#8220;] Allgemeine Gesch\u00e4ftsbedingungen und Kundeninformationen I. Allgemeine Gesch\u00e4ftsbedingungen \u00a7 1 Grundlegende Bestimmungen (1) \u00a0Die nachstehenden Gesch\u00e4ftsbedingungen gelten f\u00fcr Vertr\u00e4ge, die Sie mit uns als Anbieter (Benjamin Sen) \u00fcber die Internetseite\u00a0https:\/\/noviply.com\/ schlie\u00dfen, soweit nicht schriftlich zwischen den Parteien eine Ab\u00e4nderung vereinbart wird. Abweichende oder [&hellip;]","og_url":"https:\/\/noviply.com\/de\/agb\/","og_site_name":"Noviply","article_modified_time":"2025-08-11T13:44:58+00:00","twitter_card":"summary_large_image","twitter_misc":{"Gesch\u00e4tzte Lesezeit":"8\u00a0Minuten"},"schema":{"@context":"https:\/\/schema.org","@graph":[{"@type":"WebPage","@id":"https:\/\/noviply.com\/de\/agb\/","url":"https:\/\/noviply.com\/de\/agb\/","name":"AGB | Noviply","isPartOf":{"@id":"https:\/\/noviply.com\/de\/#website"},"datePublished":"2024-08-14T09:18:22+00:00","dateModified":"2025-08-11T13:44:58+00:00","breadcrumb":{"@id":"https:\/\/noviply.com\/de\/agb\/#breadcrumb"},"inLanguage":"de","potentialAction":[{"@type":"ReadAction","target":["https:\/\/noviply.com\/de\/agb\/"]}]},{"@type":"BreadcrumbList","@id":"https:\/\/noviply.com\/de\/agb\/#breadcrumb","itemListElement":[{"@type":"ListItem","position":1,"name":"Home","item":"https:\/\/noviply.com\/de\/"},{"@type":"ListItem","position":2,"name":"AGB"}]},{"@type":"WebSite","@id":"https:\/\/noviply.com\/de\/#website","url":"https:\/\/noviply.com\/de\/","name":"Noviply\u00ae","description":"REFURBISHING APPLICATIONS","publisher":{"@id":"https:\/\/noviply.com\/de\/#organization"},"potentialAction":[{"@type":"SearchAction","target":{"@type":"EntryPoint","urlTemplate":"https:\/\/noviply.com\/de\/?s={search_term_string}"},"query-input":{"@type":"PropertyValueSpecification","valueRequired":true,"valueName":"search_term_string"}}],"inLanguage":"de"},{"@type":"Organization","@id":"https:\/\/noviply.com\/de\/#organization","name":"Noviply\u00ae","url":"https:\/\/noviply.com\/de\/","logo":{"@type":"ImageObject","inLanguage":"de","@id":"https:\/\/noviply.com\/de\/#\/schema\/logo\/image\/","url":"https:\/\/noviply.com\/wp-content\/uploads\/2025\/11\/logo-noviply-q.svg","contentUrl":"https:\/\/noviply.com\/wp-content\/uploads\/2025\/11\/logo-noviply-q.svg","width":400,"height":400,"caption":"Noviply\u00ae"},"image":{"@id":"https:\/\/noviply.com\/de\/#\/schema\/logo\/image\/"},"sameAs":["https:\/\/www.linkedin.com\/company\/noviply"]}]}},"_links":{"self":[{"href":"https:\/\/noviply.com\/de\/wp-json\/wp\/v2\/pages\/6083","targetHints":{"allow":["GET"]}}],"collection":[{"href":"https:\/\/noviply.com\/de\/wp-json\/wp\/v2\/pages"}],"about":[{"href":"https:\/\/noviply.com\/de\/wp-json\/wp\/v2\/types\/page"}],"author":[{"embeddable":true,"href":"https:\/\/noviply.com\/de\/wp-json\/wp\/v2\/users\/3"}],"replies":[{"embeddable":true,"href":"https:\/\/noviply.com\/de\/wp-json\/wp\/v2\/comments?post=6083"}],"version-history":[{"count":1,"href":"https:\/\/noviply.com\/de\/wp-json\/wp\/v2\/pages\/6083\/revisions"}],"predecessor-version":[{"id":17302,"href":"https:\/\/noviply.com\/de\/wp-json\/wp\/v2\/pages\/6083\/revisions\/17302"}],"wp:attachment":[{"href":"https:\/\/noviply.com\/de\/wp-json\/wp\/v2\/media?parent=6083"}],"curies":[{"name":"wp","href":"https:\/\/api.w.org\/{rel}","templated":true}]}}