{"id":6087,"date":"2024-08-14T11:22:55","date_gmt":"2024-08-14T09:22:55","guid":{"rendered":"https:\/\/noviply.com\/?page_id=6087"},"modified":"2025-12-08T08:45:35","modified_gmt":"2025-12-08T07:45:35","slug":"zahlung-und-versand","status":"publish","type":"page","link":"https:\/\/noviply.com\/de\/zahlung-und-versand\/","title":{"rendered":"Zahlung und Versand"},"content":{"rendered":"<div class=\"wpb-content-wrapper\"><p>[vc_row css=&#8220;.vc_custom_1723627395672{padding-top: 3% !important;padding-right: 3% !important;padding-bottom: 3% !important;padding-left: 3% !important;}&#8220; conditional_render=&#8220;%5B%7B%22value_role%22%3A%22administrator%22%7D%5D&#8220;][vc_column][vc_column_text css=&#8220;&#8220; css_params=&#8220;&#8220;]<\/p>\n<h1>Zahlung und Versand<\/h1>\n<p><span style=\"font-size: 14px;\">Es gelten folgende Bedingungen:<\/span><\/p>\n<p>Die Lieferung erfolgt im Inland (Deutschland)&nbsp;<span style=\"font-size: 14px;\">und in die nachstehenden L\u00e4nder<\/span>: <span style=\"font-size: 14px;\">Belgien, D\u00e4nemark, Finnland, Frankreich, Italien, Niederlande, Portugal, Schweden, Spanien, \u00d6sterreich.<\/span><\/p>\n<p><strong><span style=\"font-size: 16px;\">Versandkosten (zzgl. MwSt.)<\/span><\/strong><\/p>\n<p><strong><span style=\"font-size: 14px;\">Lieferungen im Inland (Deutschland):&nbsp;<\/span><\/strong><\/p>\n<p>Die Versandkostenpauschale betr\u00e4gt 25,00 \u20ac. Die Lieferung betr\u00e4gt 3-4 Werktage.<br \/>\nAb 750 \u20ac Nettoeinkaufswert erfolgt eine versandkostenfreie Lieferung.<\/p>\n<p><strong><span style=\"font-size: 14px;\">Lieferungen ins Ausland<\/span><\/strong><\/p>\n<p>Die Versandkostenpauschale betr\u00e4gt 25,00 \u20ac.<br \/>\nAb 750 \u20ac Nettoeinkaufswert erfolgt eine versandkostenfreie Lieferung ins EU Ausland.<\/p>\n<p><strong><span style=\"font-size: 14px;\">Express-Lieferungen:<\/span><\/strong><br \/>\nDu brauchst schnell Nachschub? Wir liefern unsere Produkte auch per Express, wenn die Bestellung bis 10 Uhr eingeht, wird die Ware innerhalb eines Werktages (au\u00dfer samstags) f\u00fcr eine Versandkostenpauschale von 75,00 \u20ac geliefert.<\/p>\n<h2>Akzeptierte Zahlungsm\u00f6glichkeiten<\/h2>\n<p>&#8211;&nbsp;Vorkasse per \u00dcberweisung<\/p>\n<p><strong>\u00dcber PayPal Checkout:<\/strong><br \/>\n&#8211; Zahlung per PayPal<br \/>\n&#8211; Zahlung per Kreditkarte<br \/>\n&#8211; Zahlung per SEPA-Lastschrift<br \/>\n&#8211; Zahlung per &#8222;Sp\u00e4ter bezahlen&#8220;<\/p>\n<p><span style=\"font-size: 16px;\"><strong>Besondere Vereinbarungen zu den angebotenen Zahlungsarten<\/strong><\/span><\/p>\n<p><strong>Zahlung \u00fcber &#8222;PayPal&#8220; \/ &#8222;PayPal Checkout&#8220;<\/strong><br \/>\nBei Auswahl einer Zahlungsart, die \u00fcber &#8222;PayPal&#8220; \/ &#8222;PayPal Checkout&#8220; angeboten wird, erfolgt die Zahlungsabwicklung \u00fcber den Zahlungsdienstleister PayPal (Europe) S.\u00e0.r.l. et Cie, S.C.A. (22-24 Boulevard Royal L-2449, Luxemburg; &#8222;PayPal&#8220;). Die einzelnen Zahlungsarten \u00fcber &#8222;PayPal&#8220; werden Ihnen unter einer entsprechend bezeichneten Schaltfl\u00e4che auf unserer Internetpr\u00e4senz sowie im Online-Bestellvorgang angezeigt. F\u00fcr die Zahlungsabwicklung kann sich &#8222;PayPal&#8220; weiterer Zahlungsdienste bedienen; soweit hierf\u00fcr besondere Zahlungsbedingungen gelten, werden Sie auf diese gesondert hingewiesen. N\u00e4here Informationen zu &#8222;PayPal&#8220; finden Sie unter&nbsp;<a href=\"https:\/\/www.paypal.com\/de\/webapps\/mpp\/ua\/legalhub-full\" target=\"_blank\" rel=\"noopener\">https:\/\/www.paypal.com\/de\/webapps\/mpp\/ua\/legalhub-full<\/a>.<\/p>\n<p>Bei Fragen finden Sie unsere Kontaktdaten im <a href=\"\/impressum\">Impressum.<\/a>[\/vc_column_text][\/vc_column][\/vc_row]<\/p>\n<\/div>","protected":false},"excerpt":{"rendered":"<p>[vc_row css=&#8220;.vc_custom_1723627395672{padding-top: 3% !important;padding-right: 3% !important;padding-bottom: 3% !important;padding-left: 3% !important;}&#8220; conditional_render=&#8220;%5B%7B%22value_role%22%3A%22administrator%22%7D%5D&#8220;][vc_column][vc_column_text css=&#8220;&#8220; css_params=&#8220;&#8220;] Zahlung und Versand Es gelten folgende Bedingungen: Die Lieferung erfolgt im Inland (Deutschland)&nbsp;und in die nachstehenden L\u00e4nder: Belgien, D\u00e4nemark, Finnland, Frankreich, Italien, Niederlande, Portugal, Schweden, Spanien, \u00d6sterreich. Versandkosten (zzgl. MwSt.) Lieferungen im Inland (Deutschland):&nbsp; Die Versandkostenpauschale betr\u00e4gt 25,00 \u20ac. Die Lieferung betr\u00e4gt [&hellip;]<\/p>\n","protected":false},"author":3,"featured_media":0,"parent":0,"menu_order":0,"comment_status":"closed","ping_status":"closed","template":"","meta":{"_joinchat":[],"footnotes":""},"class_list":["post-6087","page","type-page","status-publish","hentry"],"yoast_head":"<!-- This site is optimized with the Yoast SEO plugin v27.4 - https:\/\/yoast.com\/product\/yoast-seo-wordpress\/ -->\n<title>Zahlung und Versand | Noviply<\/title>\n<meta name=\"robots\" content=\"noindex, nofollow\" \/>\n<meta property=\"og:locale\" content=\"de_DE\" \/>\n<meta property=\"og:type\" content=\"article\" \/>\n<meta property=\"og:title\" content=\"Zahlung und Versand | Noviply\" \/>\n<meta property=\"og:description\" content=\"[vc_row css=&#8220;.vc_custom_1723627395672{padding-top: 3% !important;padding-right: 3% !important;padding-bottom: 3% !important;padding-left: 3% !important;}&#8220; conditional_render=&#8220;%5B%7B%22value_role%22%3A%22administrator%22%7D%5D&#8220;][vc_column][vc_column_text css=&#8220;&#8220; css_params=&#8220;&#8220;] Zahlung und Versand Es gelten folgende Bedingungen: Die Lieferung erfolgt im Inland (Deutschland)&nbsp;und in die nachstehenden L\u00e4nder: Belgien, D\u00e4nemark, Finnland, Frankreich, Italien, Niederlande, Portugal, Schweden, Spanien, \u00d6sterreich. Versandkosten (zzgl. MwSt.) Lieferungen im Inland (Deutschland):&nbsp; Die Versandkostenpauschale betr\u00e4gt 25,00 \u20ac. Die Lieferung betr\u00e4gt [&hellip;]\" \/>\n<meta property=\"og:url\" content=\"https:\/\/noviply.com\/de\/zahlung-und-versand\/\" \/>\n<meta property=\"og:site_name\" content=\"Noviply\" \/>\n<meta property=\"article:modified_time\" content=\"2025-12-08T07:45:35+00:00\" \/>\n<meta name=\"twitter:card\" content=\"summary_large_image\" \/>\n<meta name=\"twitter:label1\" content=\"Gesch\u00e4tzte Lesezeit\" \/>\n\t<meta name=\"twitter:data1\" content=\"2\u00a0Minuten\" \/>\n<script type=\"application\/ld+json\" class=\"yoast-schema-graph\">{\"@context\":\"https:\\\/\\\/schema.org\",\"@graph\":[{\"@type\":\"WebPage\",\"@id\":\"https:\\\/\\\/noviply.com\\\/de\\\/zahlung-und-versand\\\/\",\"url\":\"https:\\\/\\\/noviply.com\\\/de\\\/zahlung-und-versand\\\/\",\"name\":\"Zahlung und Versand | Noviply\",\"isPartOf\":{\"@id\":\"https:\\\/\\\/noviply.com\\\/de\\\/#website\"},\"datePublished\":\"2024-08-14T09:22:55+00:00\",\"dateModified\":\"2025-12-08T07:45:35+00:00\",\"breadcrumb\":{\"@id\":\"https:\\\/\\\/noviply.com\\\/de\\\/zahlung-und-versand\\\/#breadcrumb\"},\"inLanguage\":\"de\",\"potentialAction\":[{\"@type\":\"ReadAction\",\"target\":[\"https:\\\/\\\/noviply.com\\\/de\\\/zahlung-und-versand\\\/\"]}]},{\"@type\":\"BreadcrumbList\",\"@id\":\"https:\\\/\\\/noviply.com\\\/de\\\/zahlung-und-versand\\\/#breadcrumb\",\"itemListElement\":[{\"@type\":\"ListItem\",\"position\":1,\"name\":\"Home\",\"item\":\"https:\\\/\\\/noviply.com\\\/de\\\/\"},{\"@type\":\"ListItem\",\"position\":2,\"name\":\"Zahlung und Versand\"}]},{\"@type\":\"WebSite\",\"@id\":\"https:\\\/\\\/noviply.com\\\/de\\\/#website\",\"url\":\"https:\\\/\\\/noviply.com\\\/de\\\/\",\"name\":\"Noviply\u00ae\",\"description\":\"REFURBISHING APPLICATIONS\",\"publisher\":{\"@id\":\"https:\\\/\\\/noviply.com\\\/de\\\/#organization\"},\"potentialAction\":[{\"@type\":\"SearchAction\",\"target\":{\"@type\":\"EntryPoint\",\"urlTemplate\":\"https:\\\/\\\/noviply.com\\\/de\\\/?s={search_term_string}\"},\"query-input\":{\"@type\":\"PropertyValueSpecification\",\"valueRequired\":true,\"valueName\":\"search_term_string\"}}],\"inLanguage\":\"de\"},{\"@type\":\"Organization\",\"@id\":\"https:\\\/\\\/noviply.com\\\/de\\\/#organization\",\"name\":\"Noviply\u00ae\",\"url\":\"https:\\\/\\\/noviply.com\\\/de\\\/\",\"logo\":{\"@type\":\"ImageObject\",\"inLanguage\":\"de\",\"@id\":\"https:\\\/\\\/noviply.com\\\/de\\\/#\\\/schema\\\/logo\\\/image\\\/\",\"url\":\"https:\\\/\\\/noviply.com\\\/wp-content\\\/uploads\\\/2025\\\/11\\\/logo-noviply-q.svg\",\"contentUrl\":\"https:\\\/\\\/noviply.com\\\/wp-content\\\/uploads\\\/2025\\\/11\\\/logo-noviply-q.svg\",\"width\":400,\"height\":400,\"caption\":\"Noviply\u00ae\"},\"image\":{\"@id\":\"https:\\\/\\\/noviply.com\\\/de\\\/#\\\/schema\\\/logo\\\/image\\\/\"},\"sameAs\":[\"https:\\\/\\\/www.linkedin.com\\\/company\\\/noviply\"]}]}<\/script>\n<!-- \/ Yoast SEO plugin. -->","yoast_head_json":{"title":"Zahlung und Versand | Noviply","robots":{"index":"noindex","follow":"nofollow"},"og_locale":"de_DE","og_type":"article","og_title":"Zahlung und Versand | Noviply","og_description":"[vc_row css=&#8220;.vc_custom_1723627395672{padding-top: 3% !important;padding-right: 3% !important;padding-bottom: 3% !important;padding-left: 3% !important;}&#8220; conditional_render=&#8220;%5B%7B%22value_role%22%3A%22administrator%22%7D%5D&#8220;][vc_column][vc_column_text css=&#8220;&#8220; css_params=&#8220;&#8220;] Zahlung und Versand Es gelten folgende Bedingungen: Die Lieferung erfolgt im Inland (Deutschland)&nbsp;und in die nachstehenden L\u00e4nder: Belgien, D\u00e4nemark, Finnland, Frankreich, Italien, Niederlande, Portugal, Schweden, Spanien, \u00d6sterreich. Versandkosten (zzgl. MwSt.) Lieferungen im Inland (Deutschland):&nbsp; Die Versandkostenpauschale betr\u00e4gt 25,00 \u20ac. Die Lieferung betr\u00e4gt [&hellip;]","og_url":"https:\/\/noviply.com\/de\/zahlung-und-versand\/","og_site_name":"Noviply","article_modified_time":"2025-12-08T07:45:35+00:00","twitter_card":"summary_large_image","twitter_misc":{"Gesch\u00e4tzte Lesezeit":"2\u00a0Minuten"},"schema":{"@context":"https:\/\/schema.org","@graph":[{"@type":"WebPage","@id":"https:\/\/noviply.com\/de\/zahlung-und-versand\/","url":"https:\/\/noviply.com\/de\/zahlung-und-versand\/","name":"Zahlung und Versand | Noviply","isPartOf":{"@id":"https:\/\/noviply.com\/de\/#website"},"datePublished":"2024-08-14T09:22:55+00:00","dateModified":"2025-12-08T07:45:35+00:00","breadcrumb":{"@id":"https:\/\/noviply.com\/de\/zahlung-und-versand\/#breadcrumb"},"inLanguage":"de","potentialAction":[{"@type":"ReadAction","target":["https:\/\/noviply.com\/de\/zahlung-und-versand\/"]}]},{"@type":"BreadcrumbList","@id":"https:\/\/noviply.com\/de\/zahlung-und-versand\/#breadcrumb","itemListElement":[{"@type":"ListItem","position":1,"name":"Home","item":"https:\/\/noviply.com\/de\/"},{"@type":"ListItem","position":2,"name":"Zahlung und Versand"}]},{"@type":"WebSite","@id":"https:\/\/noviply.com\/de\/#website","url":"https:\/\/noviply.com\/de\/","name":"Noviply\u00ae","description":"REFURBISHING APPLICATIONS","publisher":{"@id":"https:\/\/noviply.com\/de\/#organization"},"potentialAction":[{"@type":"SearchAction","target":{"@type":"EntryPoint","urlTemplate":"https:\/\/noviply.com\/de\/?s={search_term_string}"},"query-input":{"@type":"PropertyValueSpecification","valueRequired":true,"valueName":"search_term_string"}}],"inLanguage":"de"},{"@type":"Organization","@id":"https:\/\/noviply.com\/de\/#organization","name":"Noviply\u00ae","url":"https:\/\/noviply.com\/de\/","logo":{"@type":"ImageObject","inLanguage":"de","@id":"https:\/\/noviply.com\/de\/#\/schema\/logo\/image\/","url":"https:\/\/noviply.com\/wp-content\/uploads\/2025\/11\/logo-noviply-q.svg","contentUrl":"https:\/\/noviply.com\/wp-content\/uploads\/2025\/11\/logo-noviply-q.svg","width":400,"height":400,"caption":"Noviply\u00ae"},"image":{"@id":"https:\/\/noviply.com\/de\/#\/schema\/logo\/image\/"},"sameAs":["https:\/\/www.linkedin.com\/company\/noviply"]}]}},"_links":{"self":[{"href":"https:\/\/noviply.com\/de\/wp-json\/wp\/v2\/pages\/6087","targetHints":{"allow":["GET"]}}],"collection":[{"href":"https:\/\/noviply.com\/de\/wp-json\/wp\/v2\/pages"}],"about":[{"href":"https:\/\/noviply.com\/de\/wp-json\/wp\/v2\/types\/page"}],"author":[{"embeddable":true,"href":"https:\/\/noviply.com\/de\/wp-json\/wp\/v2\/users\/3"}],"replies":[{"embeddable":true,"href":"https:\/\/noviply.com\/de\/wp-json\/wp\/v2\/comments?post=6087"}],"version-history":[{"count":1,"href":"https:\/\/noviply.com\/de\/wp-json\/wp\/v2\/pages\/6087\/revisions"}],"predecessor-version":[{"id":18830,"href":"https:\/\/noviply.com\/de\/wp-json\/wp\/v2\/pages\/6087\/revisions\/18830"}],"wp:attachment":[{"href":"https:\/\/noviply.com\/de\/wp-json\/wp\/v2\/media?parent=6087"}],"curies":[{"name":"wp","href":"https:\/\/api.w.org\/{rel}","templated":true}]}}